{"id":13655,"date":"2024-02-13T14:38:03","date_gmt":"2024-02-13T14:38:03","guid":{"rendered":"https:\/\/bschairs.it\/?post_type=product&#038;p=13655"},"modified":"2024-05-20T11:11:13","modified_gmt":"2024-05-20T11:11:13","slug":"baku","status":"publish","type":"product","link":"https:\/\/bschairs.it\/de\/negozio\/tutti-gli-stili\/stile-contemporaneo\/baku\/","title":{"rendered":"Baku"},"content":{"rendered":"<p>Armlehnstuhl f\u00fcr den Kopf des Tisches mit einem eleganten und vielseitigen Design. Der Rahmen besteht aus schwarz lackiertem Buchenholz mit flie\u00dfenden und modernen Linien, die eine gepolsterte Sitzfl\u00e4che tragen. Die R\u00fcckenlehne ist aus einer Rattan-Webung gefertigt, ein Detail, das dem St\u00fcck eine nat\u00fcrliche W\u00e4rme verleiht.<\/p>","protected":false},"excerpt":{"rendered":"<p>Armlehnstuhl f\u00fcr den Kopf des Tisches mit einem eleganten und vielseitigen Design. Der Rahmen besteht aus schwarz lackiertem Buchenholz mit flie\u00dfenden und modernen Linien, die eine gepolsterte Sitzfl\u00e4che tragen. Die R\u00fcckenlehne ist aus einer Rattan-Webung gefertigt, ein Detail, das dem St\u00fcck eine nat\u00fcrliche W\u00e4rme verleiht.<\/p>","protected":false},"featured_media":13724,"comment_status":"closed","ping_status":"closed","template":"","meta":[],"product_brand":[],"product_cat":[126,125],"product_tag":[129,133],"class_list":{"0":"post-13655","1":"product","2":"type-product","3":"status-publish","4":"has-post-thumbnail","6":"product_cat-stile-contemporaneo","7":"product_cat-tutti-gli-stili","8":"product_tag-capotavola","9":"product_tag-poltroncine","11":"first","12":"instock","13":"shipping-taxable","14":"product-type-simple"},"_links":{"self":[{"href":"https:\/\/bschairs.it\/de\/wp-json\/wp\/v2\/product\/13655","targetHints":{"allow":["GET"]}}],"collection":[{"href":"https:\/\/bschairs.it\/de\/wp-json\/wp\/v2\/product"}],"about":[{"href":"https:\/\/bschairs.it\/de\/wp-json\/wp\/v2\/types\/product"}],"replies":[{"embeddable":true,"href":"https:\/\/bschairs.it\/de\/wp-json\/wp\/v2\/comments?post=13655"}],"wp:featuredmedia":[{"embeddable":true,"href":"https:\/\/bschairs.it\/de\/wp-json\/wp\/v2\/media\/13724"}],"wp:attachment":[{"href":"https:\/\/bschairs.it\/de\/wp-json\/wp\/v2\/media?parent=13655"}],"wp:term":[{"taxonomy":"product_brand","embeddable":true,"href":"https:\/\/bschairs.it\/de\/wp-json\/wp\/v2\/product_brand?post=13655"},{"taxonomy":"product_cat","embeddable":true,"href":"https:\/\/bschairs.it\/de\/wp-json\/wp\/v2\/product_cat?post=13655"},{"taxonomy":"product_tag","embeddable":true,"href":"https:\/\/bschairs.it\/de\/wp-json\/wp\/v2\/product_tag?post=13655"}],"curies":[{"name":"wp","href":"https:\/\/api.w.org\/{rel}","templated":true}]}}