{"id":13657,"date":"2024-09-13T14:38:03","date_gmt":"2024-09-13T14:38:03","guid":{"rendered":"https:\/\/bschairs.it\/?post_type=product&#038;p=13657"},"modified":"2024-10-07T08:02:54","modified_gmt":"2024-10-07T08:02:54","slug":"dover","status":"publish","type":"product","link":"https:\/\/bschairs.it\/de\/negozio\/tutti-gli-stili\/stile-contemporaneo\/dover\/","title":{"rendered":"Dover"},"content":{"rendered":"<p>Sessel aus europ\u00e4ischem Buchenholz mit einem verspielten und zeitgen\u00f6ssischen Teddy-Stoffbezug. Mit integrierten Armlehnen f\u00fcr mehr Komfort kombiniert dieser Sessel Praktikabilit\u00e4t und Stil. Die organische Form des Sitzes macht ihn ideal, um Lounge-Bereichen eine originelle Note zu verleihen.<\/p>","protected":false},"excerpt":{"rendered":"<p>Sessel aus europ\u00e4ischem Buchenholz mit einem verspielten und zeitgen\u00f6ssischen Teddy-Stoffbezug. Mit integrierten Armlehnen f\u00fcr mehr Komfort kombiniert dieser Sessel Praktikabilit\u00e4t und Stil. Die organische Form des Sitzes macht ihn ideal, um Lounge-Bereichen eine originelle Note zu verleihen.<\/p>","protected":false},"featured_media":14980,"comment_status":"closed","ping_status":"closed","template":"","meta":[],"product_brand":[],"product_cat":[126,125],"product_tag":[133],"class_list":{"0":"post-13657","1":"product","2":"type-product","3":"status-publish","4":"has-post-thumbnail","6":"product_cat-stile-contemporaneo","7":"product_cat-tutti-gli-stili","8":"product_tag-poltroncine","10":"first","11":"instock","12":"shipping-taxable","13":"product-type-simple"},"_links":{"self":[{"href":"https:\/\/bschairs.it\/de\/wp-json\/wp\/v2\/product\/13657","targetHints":{"allow":["GET"]}}],"collection":[{"href":"https:\/\/bschairs.it\/de\/wp-json\/wp\/v2\/product"}],"about":[{"href":"https:\/\/bschairs.it\/de\/wp-json\/wp\/v2\/types\/product"}],"replies":[{"embeddable":true,"href":"https:\/\/bschairs.it\/de\/wp-json\/wp\/v2\/comments?post=13657"}],"wp:featuredmedia":[{"embeddable":true,"href":"https:\/\/bschairs.it\/de\/wp-json\/wp\/v2\/media\/14980"}],"wp:attachment":[{"href":"https:\/\/bschairs.it\/de\/wp-json\/wp\/v2\/media?parent=13657"}],"wp:term":[{"taxonomy":"product_brand","embeddable":true,"href":"https:\/\/bschairs.it\/de\/wp-json\/wp\/v2\/product_brand?post=13657"},{"taxonomy":"product_cat","embeddable":true,"href":"https:\/\/bschairs.it\/de\/wp-json\/wp\/v2\/product_cat?post=13657"},{"taxonomy":"product_tag","embeddable":true,"href":"https:\/\/bschairs.it\/de\/wp-json\/wp\/v2\/product_tag?post=13657"}],"curies":[{"name":"wp","href":"https:\/\/api.w.org\/{rel}","templated":true}]}}