{"id":13658,"date":"2024-02-13T14:38:03","date_gmt":"2024-02-13T14:38:03","guid":{"rendered":"https:\/\/bschairs.it\/?post_type=product&#038;p=13658"},"modified":"2024-05-20T11:19:08","modified_gmt":"2024-05-20T11:19:08","slug":"jacksonville","status":"publish","type":"product","link":"https:\/\/bschairs.it\/de\/negozio\/tutti-gli-stili\/stile-contemporaneo\/jacksonville\/","title":{"rendered":"Jacksonville"},"content":{"rendered":"<p>Bezogen mit einem lebhaften Samtstoff, ist der Sitz dieser Sessel einh\u00fcllend, und die gepolsterte R\u00fcckenlehne bietet ein weiches und einladendes Sitzerlebnis. Der dunkle Holzrahmen kontrastiert wundersch\u00f6n mit der hellen Farbe des Sitzes und schafft ein ansprechendes visuelles Gleichgewicht.<\/p>","protected":false},"excerpt":{"rendered":"<p>Bezogen mit einem lebhaften Samtstoff, ist der Sitz dieser Sessel einh\u00fcllend, und die gepolsterte R\u00fcckenlehne bietet ein weiches und einladendes Sitzerlebnis. Der dunkle Holzrahmen kontrastiert wundersch\u00f6n mit der hellen Farbe des Sitzes und schafft ein ansprechendes visuelles Gleichgewicht.<\/p>","protected":false},"featured_media":13742,"comment_status":"closed","ping_status":"closed","template":"","meta":[],"product_brand":[],"product_cat":[126,125],"product_tag":[133],"class_list":{"0":"post-13658","1":"product","2":"type-product","3":"status-publish","4":"has-post-thumbnail","6":"product_cat-stile-contemporaneo","7":"product_cat-tutti-gli-stili","8":"product_tag-poltroncine","10":"first","11":"instock","12":"shipping-taxable","13":"product-type-simple"},"_links":{"self":[{"href":"https:\/\/bschairs.it\/de\/wp-json\/wp\/v2\/product\/13658","targetHints":{"allow":["GET"]}}],"collection":[{"href":"https:\/\/bschairs.it\/de\/wp-json\/wp\/v2\/product"}],"about":[{"href":"https:\/\/bschairs.it\/de\/wp-json\/wp\/v2\/types\/product"}],"replies":[{"embeddable":true,"href":"https:\/\/bschairs.it\/de\/wp-json\/wp\/v2\/comments?post=13658"}],"wp:featuredmedia":[{"embeddable":true,"href":"https:\/\/bschairs.it\/de\/wp-json\/wp\/v2\/media\/13742"}],"wp:attachment":[{"href":"https:\/\/bschairs.it\/de\/wp-json\/wp\/v2\/media?parent=13658"}],"wp:term":[{"taxonomy":"product_brand","embeddable":true,"href":"https:\/\/bschairs.it\/de\/wp-json\/wp\/v2\/product_brand?post=13658"},{"taxonomy":"product_cat","embeddable":true,"href":"https:\/\/bschairs.it\/de\/wp-json\/wp\/v2\/product_cat?post=13658"},{"taxonomy":"product_tag","embeddable":true,"href":"https:\/\/bschairs.it\/de\/wp-json\/wp\/v2\/product_tag?post=13658"}],"curies":[{"name":"wp","href":"https:\/\/api.w.org\/{rel}","templated":true}]}}