{"id":13673,"date":"2024-02-13T14:38:24","date_gmt":"2024-02-13T14:38:24","guid":{"rendered":"https:\/\/bschairs.it\/?post_type=product&#038;p=13673"},"modified":"2024-05-20T10:45:39","modified_gmt":"2024-05-20T10:45:39","slug":"adele","status":"publish","type":"product","link":"https:\/\/bschairs.it\/de\/negozio\/tutti-gli-stili\/stile-contemporaneo\/adele\/","title":{"rendered":"Adele"},"content":{"rendered":"<p>Dieser Stuhl ist eine wunderbare Verbindung von Klassik und Moderne. Die Sitzfl\u00e4che, bezogen mit einem mutigen Samtstoff, steht im Kontrast zur R\u00fcckenlehne, die au\u00dfen mit einem personalisierbaren dekorierten Stoff veredelt ist, versehen mit einem traditionellen Kapiton\u00e9-Muster aus Rhomben. Diese Handwerkskunst f\u00fcgt ein Element von Luxus und Textur hinzu.<\/p>","protected":false},"excerpt":{"rendered":"<p>Dieser Stuhl ist eine wunderbare Verbindung von Klassik und Moderne. Die Sitzfl\u00e4che, bezogen mit einem mutigen Samtstoff, steht im Kontrast zur R\u00fcckenlehne, die au\u00dfen mit einem personalisierbaren dekorierten Stoff veredelt ist, versehen mit einem traditionellen Kapiton\u00e9-Muster aus Rhomben. Diese Handwerkskunst f\u00fcgt ein Element von Luxus und Textur hinzu.<\/p>","protected":false},"featured_media":13746,"comment_status":"closed","ping_status":"closed","template":"","meta":[],"product_brand":[],"product_cat":[126,125],"product_tag":[133],"class_list":{"0":"post-13673","1":"product","2":"type-product","3":"status-publish","4":"has-post-thumbnail","6":"product_cat-stile-contemporaneo","7":"product_cat-tutti-gli-stili","8":"product_tag-poltroncine","10":"first","11":"instock","12":"shipping-taxable","13":"product-type-simple"},"_links":{"self":[{"href":"https:\/\/bschairs.it\/de\/wp-json\/wp\/v2\/product\/13673","targetHints":{"allow":["GET"]}}],"collection":[{"href":"https:\/\/bschairs.it\/de\/wp-json\/wp\/v2\/product"}],"about":[{"href":"https:\/\/bschairs.it\/de\/wp-json\/wp\/v2\/types\/product"}],"replies":[{"embeddable":true,"href":"https:\/\/bschairs.it\/de\/wp-json\/wp\/v2\/comments?post=13673"}],"wp:featuredmedia":[{"embeddable":true,"href":"https:\/\/bschairs.it\/de\/wp-json\/wp\/v2\/media\/13746"}],"wp:attachment":[{"href":"https:\/\/bschairs.it\/de\/wp-json\/wp\/v2\/media?parent=13673"}],"wp:term":[{"taxonomy":"product_brand","embeddable":true,"href":"https:\/\/bschairs.it\/de\/wp-json\/wp\/v2\/product_brand?post=13673"},{"taxonomy":"product_cat","embeddable":true,"href":"https:\/\/bschairs.it\/de\/wp-json\/wp\/v2\/product_cat?post=13673"},{"taxonomy":"product_tag","embeddable":true,"href":"https:\/\/bschairs.it\/de\/wp-json\/wp\/v2\/product_tag?post=13673"}],"curies":[{"name":"wp","href":"https:\/\/api.w.org\/{rel}","templated":true}]}}