{"id":13675,"date":"2024-02-13T14:38:24","date_gmt":"2024-02-13T14:38:24","guid":{"rendered":"https:\/\/bschairs.it\/?post_type=product&#038;p=13675"},"modified":"2024-05-20T11:02:55","modified_gmt":"2024-05-20T11:02:55","slug":"cloud-3","status":"publish","type":"product","link":"https:\/\/bschairs.it\/de\/negozio\/tutti-gli-stili\/stile-contemporaneo\/cloud-3\/","title":{"rendered":"Cloud"},"content":{"rendered":"<p>Cloud ist ein Sessel, der Luxus und K\u00fchnheit im Innendesign verk\u00f6rpert. Die Sitzfl\u00e4che zeichnet sich durch eine hochwirkende R\u00fcckenlehne aus, mit einzelnen gepolsterten Paneelen, die einen muschelf\u00f6rmigen Effekt erzeugen. Dieses Design, das an den Art-Deco-Stil erinnert, macht ihn ideal f\u00fcr einen Wartebereich oder Empfang.<\/p>","protected":false},"excerpt":{"rendered":"<p>Cloud ist ein Sessel, der Luxus und K\u00fchnheit im Innendesign verk\u00f6rpert. Die Sitzfl\u00e4che zeichnet sich durch eine hochwirkende R\u00fcckenlehne aus, mit einzelnen gepolsterten Paneelen, die einen muschelf\u00f6rmigen Effekt erzeugen. Dieses Design, das an den Art-Deco-Stil erinnert, macht ihn ideal f\u00fcr einen Wartebereich oder Empfang.<\/p>","protected":false},"featured_media":13754,"comment_status":"closed","ping_status":"closed","template":"","meta":[],"product_brand":[],"product_cat":[126,125],"product_tag":[133],"class_list":{"0":"post-13675","1":"product","2":"type-product","3":"status-publish","4":"has-post-thumbnail","6":"product_cat-stile-contemporaneo","7":"product_cat-tutti-gli-stili","8":"product_tag-poltroncine","10":"first","11":"instock","12":"shipping-taxable","13":"product-type-simple"},"_links":{"self":[{"href":"https:\/\/bschairs.it\/de\/wp-json\/wp\/v2\/product\/13675","targetHints":{"allow":["GET"]}}],"collection":[{"href":"https:\/\/bschairs.it\/de\/wp-json\/wp\/v2\/product"}],"about":[{"href":"https:\/\/bschairs.it\/de\/wp-json\/wp\/v2\/types\/product"}],"replies":[{"embeddable":true,"href":"https:\/\/bschairs.it\/de\/wp-json\/wp\/v2\/comments?post=13675"}],"wp:featuredmedia":[{"embeddable":true,"href":"https:\/\/bschairs.it\/de\/wp-json\/wp\/v2\/media\/13754"}],"wp:attachment":[{"href":"https:\/\/bschairs.it\/de\/wp-json\/wp\/v2\/media?parent=13675"}],"wp:term":[{"taxonomy":"product_brand","embeddable":true,"href":"https:\/\/bschairs.it\/de\/wp-json\/wp\/v2\/product_brand?post=13675"},{"taxonomy":"product_cat","embeddable":true,"href":"https:\/\/bschairs.it\/de\/wp-json\/wp\/v2\/product_cat?post=13675"},{"taxonomy":"product_tag","embeddable":true,"href":"https:\/\/bschairs.it\/de\/wp-json\/wp\/v2\/product_tag?post=13675"}],"curies":[{"name":"wp","href":"https:\/\/api.w.org\/{rel}","templated":true}]}}