{"id":13676,"date":"2024-02-13T14:38:24","date_gmt":"2024-02-13T14:38:24","guid":{"rendered":"https:\/\/bschairs.it\/?post_type=product&#038;p=13676"},"modified":"2024-05-20T11:03:51","modified_gmt":"2024-05-20T11:03:51","slug":"merano","status":"publish","type":"product","link":"https:\/\/bschairs.it\/de\/negozio\/tutti-gli-stili\/stile-contemporaneo\/merano\/","title":{"rendered":"Merano"},"content":{"rendered":"<p>Stuhl mit elegantem und zeitgen\u00f6ssischem Design, perfekt, um jeden Raum in einem Hotel zu bereichern. Der Sitz ist umh\u00fcllend und bequem, mit weicher Polsterung, bezogen mit Wolle. Der Rand der R\u00fcckenlehne und des Sitzes wird durch eine zarte Kontrastnaht betont, die die Form des Stuhls definiert.<\/p>","protected":false},"excerpt":{"rendered":"<p>Stuhl mit elegantem und zeitgen\u00f6ssischem Design, perfekt, um jeden Raum in einem Hotel zu bereichern. Der Sitz ist umh\u00fcllend und bequem, mit weicher Polsterung, bezogen mit Wolle. Der Rand der R\u00fcckenlehne und des Sitzes wird durch eine zarte Kontrastnaht betont, die die Form des Stuhls definiert.<\/p>","protected":false},"featured_media":13758,"comment_status":"closed","ping_status":"closed","template":"","meta":[],"product_brand":[],"product_cat":[126,125],"product_tag":[133],"class_list":{"0":"post-13676","1":"product","2":"type-product","3":"status-publish","4":"has-post-thumbnail","6":"product_cat-stile-contemporaneo","7":"product_cat-tutti-gli-stili","8":"product_tag-poltroncine","10":"first","11":"instock","12":"shipping-taxable","13":"product-type-simple"},"_links":{"self":[{"href":"https:\/\/bschairs.it\/de\/wp-json\/wp\/v2\/product\/13676","targetHints":{"allow":["GET"]}}],"collection":[{"href":"https:\/\/bschairs.it\/de\/wp-json\/wp\/v2\/product"}],"about":[{"href":"https:\/\/bschairs.it\/de\/wp-json\/wp\/v2\/types\/product"}],"replies":[{"embeddable":true,"href":"https:\/\/bschairs.it\/de\/wp-json\/wp\/v2\/comments?post=13676"}],"wp:featuredmedia":[{"embeddable":true,"href":"https:\/\/bschairs.it\/de\/wp-json\/wp\/v2\/media\/13758"}],"wp:attachment":[{"href":"https:\/\/bschairs.it\/de\/wp-json\/wp\/v2\/media?parent=13676"}],"wp:term":[{"taxonomy":"product_brand","embeddable":true,"href":"https:\/\/bschairs.it\/de\/wp-json\/wp\/v2\/product_brand?post=13676"},{"taxonomy":"product_cat","embeddable":true,"href":"https:\/\/bschairs.it\/de\/wp-json\/wp\/v2\/product_cat?post=13676"},{"taxonomy":"product_tag","embeddable":true,"href":"https:\/\/bschairs.it\/de\/wp-json\/wp\/v2\/product_tag?post=13676"}],"curies":[{"name":"wp","href":"https:\/\/api.w.org\/{rel}","templated":true}]}}