{"id":13677,"date":"2024-02-13T14:38:24","date_gmt":"2024-02-13T14:38:24","guid":{"rendered":"https:\/\/bschairs.it\/?post_type=product&#038;p=13677"},"modified":"2024-05-20T11:04:48","modified_gmt":"2024-05-20T11:04:48","slug":"merano-2","status":"publish","type":"product","link":"https:\/\/bschairs.it\/de\/negozio\/tutti-gli-stili\/stile-contemporaneo\/merano-2\/","title":{"rendered":"Merano"},"content":{"rendered":"<p>Idealer Stuhl in einem modernen Umfeld, in einem Restaurant, oder als zus\u00e4tzlicher Sitzplatz in einer Lobby oder einem Hotelzimmer. Die Sitzfl\u00e4che und die R\u00fcckenlehne sind gepolstert und mit Wolle bezogen, und bieten so ein komfortables Sitzerlebnis.<\/p>","protected":false},"excerpt":{"rendered":"<p>Idealer Stuhl in einem modernen Umfeld, in einem Restaurant, oder als zus\u00e4tzlicher Sitzplatz in einer Lobby oder einem Hotelzimmer. Die Sitzfl\u00e4che und die R\u00fcckenlehne sind gepolstert und mit Wolle bezogen, und bieten so ein komfortables Sitzerlebnis.<\/p>","protected":false},"featured_media":13762,"comment_status":"closed","ping_status":"closed","template":"","meta":[],"product_brand":[],"product_cat":[126,125],"product_tag":[130],"class_list":{"0":"post-13677","1":"product","2":"type-product","3":"status-publish","4":"has-post-thumbnail","6":"product_cat-stile-contemporaneo","7":"product_cat-tutti-gli-stili","8":"product_tag-sedie","10":"first","11":"instock","12":"shipping-taxable","13":"product-type-simple"},"_links":{"self":[{"href":"https:\/\/bschairs.it\/de\/wp-json\/wp\/v2\/product\/13677","targetHints":{"allow":["GET"]}}],"collection":[{"href":"https:\/\/bschairs.it\/de\/wp-json\/wp\/v2\/product"}],"about":[{"href":"https:\/\/bschairs.it\/de\/wp-json\/wp\/v2\/types\/product"}],"replies":[{"embeddable":true,"href":"https:\/\/bschairs.it\/de\/wp-json\/wp\/v2\/comments?post=13677"}],"wp:featuredmedia":[{"embeddable":true,"href":"https:\/\/bschairs.it\/de\/wp-json\/wp\/v2\/media\/13762"}],"wp:attachment":[{"href":"https:\/\/bschairs.it\/de\/wp-json\/wp\/v2\/media?parent=13677"}],"wp:term":[{"taxonomy":"product_brand","embeddable":true,"href":"https:\/\/bschairs.it\/de\/wp-json\/wp\/v2\/product_brand?post=13677"},{"taxonomy":"product_cat","embeddable":true,"href":"https:\/\/bschairs.it\/de\/wp-json\/wp\/v2\/product_cat?post=13677"},{"taxonomy":"product_tag","embeddable":true,"href":"https:\/\/bschairs.it\/de\/wp-json\/wp\/v2\/product_tag?post=13677"}],"curies":[{"name":"wp","href":"https:\/\/api.w.org\/{rel}","templated":true}]}}