{"id":13678,"date":"2024-02-13T14:38:24","date_gmt":"2024-02-13T14:38:24","guid":{"rendered":"https:\/\/bschairs.it\/?post_type=product&#038;p=13678"},"modified":"2024-05-20T11:05:46","modified_gmt":"2024-05-20T11:05:46","slug":"cancun-3","status":"publish","type":"product","link":"https:\/\/bschairs.it\/de\/negozio\/tutti-gli-stili\/stile-contemporaneo\/cancun-3\/","title":{"rendered":"Cancun"},"content":{"rendered":"<p>Hoher und schlanker Barhocker, der Funktionalit\u00e4t mit elegantem Design verbindet. Vollst\u00e4ndig aus europ\u00e4ischem Buchenholz gefertigt, hat er ein nat\u00fcrliches und sauberes Aussehen, das sich leicht verschiedenen Au\u00dfenstilen anpasst. Dieses Produkt ist perfekt f\u00fcr den Au\u00dfenbereich geeignet.<\/p>","protected":false},"excerpt":{"rendered":"<p>Hoher und schlanker Barhocker, der Funktionalit\u00e4t mit elegantem Design verbindet. Vollst\u00e4ndig aus europ\u00e4ischem Buchenholz gefertigt, hat er ein nat\u00fcrliches und sauberes Aussehen, das sich leicht verschiedenen Au\u00dfenstilen anpasst. Dieses Produkt ist perfekt f\u00fcr den Au\u00dfenbereich geeignet.<\/p>","protected":false},"featured_media":13773,"comment_status":"closed","ping_status":"closed","template":"","meta":[],"product_brand":[],"product_cat":[126,125],"product_tag":[127,131],"class_list":{"0":"post-13678","1":"product","2":"type-product","3":"status-publish","4":"has-post-thumbnail","6":"product_cat-stile-contemporaneo","7":"product_cat-tutti-gli-stili","8":"product_tag-outdoor","9":"product_tag-sgabelli","11":"first","12":"instock","13":"shipping-taxable","14":"product-type-simple"},"_links":{"self":[{"href":"https:\/\/bschairs.it\/de\/wp-json\/wp\/v2\/product\/13678","targetHints":{"allow":["GET"]}}],"collection":[{"href":"https:\/\/bschairs.it\/de\/wp-json\/wp\/v2\/product"}],"about":[{"href":"https:\/\/bschairs.it\/de\/wp-json\/wp\/v2\/types\/product"}],"replies":[{"embeddable":true,"href":"https:\/\/bschairs.it\/de\/wp-json\/wp\/v2\/comments?post=13678"}],"wp:featuredmedia":[{"embeddable":true,"href":"https:\/\/bschairs.it\/de\/wp-json\/wp\/v2\/media\/13773"}],"wp:attachment":[{"href":"https:\/\/bschairs.it\/de\/wp-json\/wp\/v2\/media?parent=13678"}],"wp:term":[{"taxonomy":"product_brand","embeddable":true,"href":"https:\/\/bschairs.it\/de\/wp-json\/wp\/v2\/product_brand?post=13678"},{"taxonomy":"product_cat","embeddable":true,"href":"https:\/\/bschairs.it\/de\/wp-json\/wp\/v2\/product_cat?post=13678"},{"taxonomy":"product_tag","embeddable":true,"href":"https:\/\/bschairs.it\/de\/wp-json\/wp\/v2\/product_tag?post=13678"}],"curies":[{"name":"wp","href":"https:\/\/api.w.org\/{rel}","templated":true}]}}