{"id":13679,"date":"2024-02-13T14:38:24","date_gmt":"2024-02-13T14:38:24","guid":{"rendered":"https:\/\/bschairs.it\/?post_type=product&#038;p=13679"},"modified":"2024-05-20T11:06:55","modified_gmt":"2024-05-20T11:06:55","slug":"woodbridge","status":"publish","type":"product","link":"https:\/\/bschairs.it\/de\/negozio\/tutti-gli-stili\/stile-contemporaneo\/woodbridge\/","title":{"rendered":"Woodbridge"},"content":{"rendered":"<p>Der Rahmen dieses Stuhls ist aus europ\u00e4ischem Buchenholz gefertigt, dessen nat\u00fcrliche Farbe und glatte Oberfl\u00e4che dem Design eine warme und einfache Note verleihen. Dieser Stuhl eignet sich ideal als Teil eines Esszimmer-Sets, auch dank des Komforts des gepolsterten Sitzes und der R\u00fcckenlehne.<\/p>","protected":false},"excerpt":{"rendered":"<p>Der Rahmen dieses Stuhls ist aus europ\u00e4ischem Buchenholz gefertigt, dessen nat\u00fcrliche Farbe und glatte Oberfl\u00e4che dem Design eine warme und einfache Note verleihen. Dieser Stuhl eignet sich ideal als Teil eines Esszimmer-Sets, auch dank des Komforts des gepolsterten Sitzes und der R\u00fcckenlehne.<\/p>","protected":false},"featured_media":13774,"comment_status":"closed","ping_status":"closed","template":"","meta":[],"product_brand":[],"product_cat":[126,125],"product_tag":[130],"class_list":{"0":"post-13679","1":"product","2":"type-product","3":"status-publish","4":"has-post-thumbnail","6":"product_cat-stile-contemporaneo","7":"product_cat-tutti-gli-stili","8":"product_tag-sedie","10":"first","11":"instock","12":"shipping-taxable","13":"product-type-simple"},"_links":{"self":[{"href":"https:\/\/bschairs.it\/de\/wp-json\/wp\/v2\/product\/13679","targetHints":{"allow":["GET"]}}],"collection":[{"href":"https:\/\/bschairs.it\/de\/wp-json\/wp\/v2\/product"}],"about":[{"href":"https:\/\/bschairs.it\/de\/wp-json\/wp\/v2\/types\/product"}],"replies":[{"embeddable":true,"href":"https:\/\/bschairs.it\/de\/wp-json\/wp\/v2\/comments?post=13679"}],"wp:featuredmedia":[{"embeddable":true,"href":"https:\/\/bschairs.it\/de\/wp-json\/wp\/v2\/media\/13774"}],"wp:attachment":[{"href":"https:\/\/bschairs.it\/de\/wp-json\/wp\/v2\/media?parent=13679"}],"wp:term":[{"taxonomy":"product_brand","embeddable":true,"href":"https:\/\/bschairs.it\/de\/wp-json\/wp\/v2\/product_brand?post=13679"},{"taxonomy":"product_cat","embeddable":true,"href":"https:\/\/bschairs.it\/de\/wp-json\/wp\/v2\/product_cat?post=13679"},{"taxonomy":"product_tag","embeddable":true,"href":"https:\/\/bschairs.it\/de\/wp-json\/wp\/v2\/product_tag?post=13679"}],"curies":[{"name":"wp","href":"https:\/\/api.w.org\/{rel}","templated":true}]}}