{"id":13680,"date":"2024-02-13T14:38:24","date_gmt":"2024-02-13T14:38:24","guid":{"rendered":"https:\/\/bschairs.it\/?post_type=product&#038;p=13680"},"modified":"2024-05-20T11:07:41","modified_gmt":"2024-05-20T11:07:41","slug":"adele-2","status":"publish","type":"product","link":"https:\/\/bschairs.it\/de\/negozio\/tutti-gli-stili\/stile-contemporaneo\/adele-2\/","title":{"rendered":"Adele"},"content":{"rendered":"<p>Sessel mit einer raffinierten Mischung aus klassischem und zeitgen\u00f6ssischem Design. Die Sitzfl\u00e4che ist gro\u00dfz\u00fcgig gepolstert und mit Samt bezogen, was zum Entspannen einl\u00e4dt und ein Gef\u00fchl von Luxus vermittelt. Eine ausgezeichnete Wahl f\u00fcr diejenigen, die ihrem Restaurant oder Hotel ein stilvolles und komfortables Element hinzuf\u00fcgen m\u00f6chten.<\/p>","protected":false},"excerpt":{"rendered":"<p>Sessel mit einer raffinierten Mischung aus klassischem und zeitgen\u00f6ssischem Design. Die Sitzfl\u00e4che ist gro\u00dfz\u00fcgig gepolstert und mit Samt bezogen, was zum Entspannen einl\u00e4dt und ein Gef\u00fchl von Luxus vermittelt. Eine ausgezeichnete Wahl f\u00fcr diejenigen, die ihrem Restaurant oder Hotel ein stilvolles und komfortables Element hinzuf\u00fcgen m\u00f6chten.<\/p>","protected":false},"featured_media":13778,"comment_status":"closed","ping_status":"closed","template":"","meta":[],"product_brand":[],"product_cat":[126,125],"product_tag":[130],"class_list":{"0":"post-13680","1":"product","2":"type-product","3":"status-publish","4":"has-post-thumbnail","6":"product_cat-stile-contemporaneo","7":"product_cat-tutti-gli-stili","8":"product_tag-sedie","10":"first","11":"instock","12":"shipping-taxable","13":"product-type-simple"},"_links":{"self":[{"href":"https:\/\/bschairs.it\/de\/wp-json\/wp\/v2\/product\/13680","targetHints":{"allow":["GET"]}}],"collection":[{"href":"https:\/\/bschairs.it\/de\/wp-json\/wp\/v2\/product"}],"about":[{"href":"https:\/\/bschairs.it\/de\/wp-json\/wp\/v2\/types\/product"}],"replies":[{"embeddable":true,"href":"https:\/\/bschairs.it\/de\/wp-json\/wp\/v2\/comments?post=13680"}],"wp:featuredmedia":[{"embeddable":true,"href":"https:\/\/bschairs.it\/de\/wp-json\/wp\/v2\/media\/13778"}],"wp:attachment":[{"href":"https:\/\/bschairs.it\/de\/wp-json\/wp\/v2\/media?parent=13680"}],"wp:term":[{"taxonomy":"product_brand","embeddable":true,"href":"https:\/\/bschairs.it\/de\/wp-json\/wp\/v2\/product_brand?post=13680"},{"taxonomy":"product_cat","embeddable":true,"href":"https:\/\/bschairs.it\/de\/wp-json\/wp\/v2\/product_cat?post=13680"},{"taxonomy":"product_tag","embeddable":true,"href":"https:\/\/bschairs.it\/de\/wp-json\/wp\/v2\/product_tag?post=13680"}],"curies":[{"name":"wp","href":"https:\/\/api.w.org\/{rel}","templated":true}]}}