{"id":13705,"date":"2024-02-13T14:38:45","date_gmt":"2024-02-13T14:38:45","guid":{"rendered":"https:\/\/bschairs.it\/?post_type=product&#038;p=13705"},"modified":"2024-05-20T10:38:06","modified_gmt":"2024-05-20T10:38:06","slug":"zed","status":"publish","type":"product","link":"https:\/\/bschairs.it\/de\/negozio\/tutti-gli-stili\/stile-contemporaneo\/zed\/","title":{"rendered":"Zed"},"content":{"rendered":"<p>Dieser Sessel verf\u00fcgt \u00fcber ein charakteristisches Design: Seine hohe, asymmetrische R\u00fcckenlehne, zusammen mit den Armlehnen, ist mit einem eleganten dunkelbraunen Stoff bezogen, was dem Stuhl ein gem\u00fctliches und komfortables Aussehen verleiht. Der Sitz ist weich und einladend und l\u00e4dt zum Entspannen ein.<\/p>","protected":false},"excerpt":{"rendered":"<p>Dieser Sessel verf\u00fcgt \u00fcber ein charakteristisches Design: Seine hohe, asymmetrische R\u00fcckenlehne, zusammen mit den Armlehnen, ist mit einem eleganten dunkelbraunen Stoff bezogen, was dem Stuhl ein gem\u00fctliches und komfortables Aussehen verleiht. Der Sitz ist weich und einladend und l\u00e4dt zum Entspannen ein.<\/p>","protected":false},"featured_media":13782,"comment_status":"closed","ping_status":"closed","template":"","meta":[],"product_brand":[],"product_cat":[126,125],"product_tag":[133],"class_list":{"0":"post-13705","1":"product","2":"type-product","3":"status-publish","4":"has-post-thumbnail","6":"product_cat-stile-contemporaneo","7":"product_cat-tutti-gli-stili","8":"product_tag-poltroncine","10":"first","11":"instock","12":"shipping-taxable","13":"product-type-simple"},"_links":{"self":[{"href":"https:\/\/bschairs.it\/de\/wp-json\/wp\/v2\/product\/13705","targetHints":{"allow":["GET"]}}],"collection":[{"href":"https:\/\/bschairs.it\/de\/wp-json\/wp\/v2\/product"}],"about":[{"href":"https:\/\/bschairs.it\/de\/wp-json\/wp\/v2\/types\/product"}],"replies":[{"embeddable":true,"href":"https:\/\/bschairs.it\/de\/wp-json\/wp\/v2\/comments?post=13705"}],"wp:featuredmedia":[{"embeddable":true,"href":"https:\/\/bschairs.it\/de\/wp-json\/wp\/v2\/media\/13782"}],"wp:attachment":[{"href":"https:\/\/bschairs.it\/de\/wp-json\/wp\/v2\/media?parent=13705"}],"wp:term":[{"taxonomy":"product_brand","embeddable":true,"href":"https:\/\/bschairs.it\/de\/wp-json\/wp\/v2\/product_brand?post=13705"},{"taxonomy":"product_cat","embeddable":true,"href":"https:\/\/bschairs.it\/de\/wp-json\/wp\/v2\/product_cat?post=13705"},{"taxonomy":"product_tag","embeddable":true,"href":"https:\/\/bschairs.it\/de\/wp-json\/wp\/v2\/product_tag?post=13705"}],"curies":[{"name":"wp","href":"https:\/\/api.w.org\/{rel}","templated":true}]}}