{"id":13706,"date":"2024-09-13T14:38:45","date_gmt":"2024-09-13T14:38:45","guid":{"rendered":"https:\/\/bschairs.it\/?post_type=product&#038;p=13706"},"modified":"2024-10-07T07:53:13","modified_gmt":"2024-10-07T07:53:13","slug":"leonia","status":"publish","type":"product","link":"https:\/\/bschairs.it\/de\/negozio\/tutti-gli-stili\/stile-contemporaneo\/leonia\/","title":{"rendered":"Leonia"},"content":{"rendered":"<p>Stuhl als Beispiel f\u00fcr modernes und jugendliches Design. Seine schlanken Armlehnen und das leichte Design machen ihn perfekt f\u00fcr zeitgen\u00f6ssische Umgebungen, sei es in einem Esszimmer oder einem Entspannungsbereich. Dieses Einrichtungszubeh\u00f6r f\u00fcgt jedem Raum eine Note von W\u00e4rme und Modernit\u00e4t hinzu.<\/p>","protected":false},"excerpt":{"rendered":"<p>Stuhl als Beispiel f\u00fcr modernes und jugendliches Design. Seine schlanken Armlehnen und das leichte Design machen ihn perfekt f\u00fcr zeitgen\u00f6ssische Umgebungen, sei es in einem Esszimmer oder einem Entspannungsbereich. Dieses Einrichtungszubeh\u00f6r f\u00fcgt jedem Raum eine Note von W\u00e4rme und Modernit\u00e4t hinzu.<\/p>","protected":false},"featured_media":14973,"comment_status":"closed","ping_status":"closed","template":"","meta":[],"product_brand":[],"product_cat":[126,125],"product_tag":[129,133],"class_list":{"0":"post-13706","1":"product","2":"type-product","3":"status-publish","4":"has-post-thumbnail","6":"product_cat-stile-contemporaneo","7":"product_cat-tutti-gli-stili","8":"product_tag-capotavola","9":"product_tag-poltroncine","11":"first","12":"instock","13":"shipping-taxable","14":"product-type-simple"},"_links":{"self":[{"href":"https:\/\/bschairs.it\/de\/wp-json\/wp\/v2\/product\/13706","targetHints":{"allow":["GET"]}}],"collection":[{"href":"https:\/\/bschairs.it\/de\/wp-json\/wp\/v2\/product"}],"about":[{"href":"https:\/\/bschairs.it\/de\/wp-json\/wp\/v2\/types\/product"}],"replies":[{"embeddable":true,"href":"https:\/\/bschairs.it\/de\/wp-json\/wp\/v2\/comments?post=13706"}],"wp:featuredmedia":[{"embeddable":true,"href":"https:\/\/bschairs.it\/de\/wp-json\/wp\/v2\/media\/14973"}],"wp:attachment":[{"href":"https:\/\/bschairs.it\/de\/wp-json\/wp\/v2\/media?parent=13706"}],"wp:term":[{"taxonomy":"product_brand","embeddable":true,"href":"https:\/\/bschairs.it\/de\/wp-json\/wp\/v2\/product_brand?post=13706"},{"taxonomy":"product_cat","embeddable":true,"href":"https:\/\/bschairs.it\/de\/wp-json\/wp\/v2\/product_cat?post=13706"},{"taxonomy":"product_tag","embeddable":true,"href":"https:\/\/bschairs.it\/de\/wp-json\/wp\/v2\/product_tag?post=13706"}],"curies":[{"name":"wp","href":"https:\/\/api.w.org\/{rel}","templated":true}]}}