{"id":13707,"date":"2024-02-13T14:38:45","date_gmt":"2024-02-13T14:38:45","guid":{"rendered":"https:\/\/bschairs.it\/?post_type=product&#038;p=13707"},"modified":"2024-05-20T10:40:09","modified_gmt":"2024-05-20T10:40:09","slug":"leonia-2","status":"publish","type":"product","link":"https:\/\/bschairs.it\/de\/negozio\/tutti-gli-stili\/stile-contemporaneo\/leonia-2\/","title":{"rendered":"Leonia"},"content":{"rendered":"<p>Sessel mit einem schwarzen Metallgestell und klaren geometrischen Linien, die einen k\u00fchnen Kontrast zur weichen Polsterung von Sitzfl\u00e4che und R\u00fcckenlehne bilden. Ideal als M\u00f6belst\u00fcck in einer Empfangshalle, einem Hotelzimmer oder einem Entspannungsbereich.<\/p>","protected":false},"excerpt":{"rendered":"<p>Sessel mit einem schwarzen Metallgestell und klaren geometrischen Linien, die einen k\u00fchnen Kontrast zur weichen Polsterung von Sitzfl\u00e4che und R\u00fcckenlehne bilden. Ideal als M\u00f6belst\u00fcck in einer Empfangshalle, einem Hotelzimmer oder einem Entspannungsbereich.<\/p>","protected":false},"featured_media":13790,"comment_status":"closed","ping_status":"closed","template":"","meta":[],"product_brand":[],"product_cat":[126,125],"product_tag":[134],"class_list":{"0":"post-13707","1":"product","2":"type-product","3":"status-publish","4":"has-post-thumbnail","6":"product_cat-stile-contemporaneo","7":"product_cat-tutti-gli-stili","8":"product_tag-poltrone","10":"first","11":"instock","12":"shipping-taxable","13":"product-type-simple"},"_links":{"self":[{"href":"https:\/\/bschairs.it\/de\/wp-json\/wp\/v2\/product\/13707","targetHints":{"allow":["GET"]}}],"collection":[{"href":"https:\/\/bschairs.it\/de\/wp-json\/wp\/v2\/product"}],"about":[{"href":"https:\/\/bschairs.it\/de\/wp-json\/wp\/v2\/types\/product"}],"replies":[{"embeddable":true,"href":"https:\/\/bschairs.it\/de\/wp-json\/wp\/v2\/comments?post=13707"}],"wp:featuredmedia":[{"embeddable":true,"href":"https:\/\/bschairs.it\/de\/wp-json\/wp\/v2\/media\/13790"}],"wp:attachment":[{"href":"https:\/\/bschairs.it\/de\/wp-json\/wp\/v2\/media?parent=13707"}],"wp:term":[{"taxonomy":"product_brand","embeddable":true,"href":"https:\/\/bschairs.it\/de\/wp-json\/wp\/v2\/product_brand?post=13707"},{"taxonomy":"product_cat","embeddable":true,"href":"https:\/\/bschairs.it\/de\/wp-json\/wp\/v2\/product_cat?post=13707"},{"taxonomy":"product_tag","embeddable":true,"href":"https:\/\/bschairs.it\/de\/wp-json\/wp\/v2\/product_tag?post=13707"}],"curies":[{"name":"wp","href":"https:\/\/api.w.org\/{rel}","templated":true}]}}