{"id":13709,"date":"2024-02-13T14:38:45","date_gmt":"2024-02-13T14:38:45","guid":{"rendered":"https:\/\/bschairs.it\/?post_type=product&#038;p=13709"},"modified":"2024-05-20T10:43:35","modified_gmt":"2024-05-20T10:43:35","slug":"pepper","status":"publish","type":"product","link":"https:\/\/bschairs.it\/de\/negozio\/tutti-gli-stili\/stile-contemporaneo\/pepper\/","title":{"rendered":"Pepper"},"content":{"rendered":"<p>Ein moderner und einladender Sessel, perfekt, um jedem Raum einen Hauch von Eleganz und Komfort zu verleihen. Die Sitzfl\u00e4che und die R\u00fcckenlehne, gepolstert und mit Samt bezogen, bieten bequeme Unterst\u00fctzung und einen angenehmen Kontrast zu den schlanken Beinen aus schwarz gef\u00e4rbtem Holz.<\/p>","protected":false},"excerpt":{"rendered":"<p>Ein moderner und einladender Sessel, perfekt, um jedem Raum einen Hauch von Eleganz und Komfort zu verleihen. Die Sitzfl\u00e4che und die R\u00fcckenlehne, gepolstert und mit Samt bezogen, bieten bequeme Unterst\u00fctzung und einen angenehmen Kontrast zu den schlanken Beinen aus schwarz gef\u00e4rbtem Holz.<\/p>","protected":false},"featured_media":13797,"comment_status":"closed","ping_status":"closed","template":"","meta":[],"product_brand":[],"product_cat":[126,125],"product_tag":[129,133],"class_list":{"0":"post-13709","1":"product","2":"type-product","3":"status-publish","4":"has-post-thumbnail","6":"product_cat-stile-contemporaneo","7":"product_cat-tutti-gli-stili","8":"product_tag-capotavola","9":"product_tag-poltroncine","11":"first","12":"instock","13":"shipping-taxable","14":"product-type-simple"},"_links":{"self":[{"href":"https:\/\/bschairs.it\/de\/wp-json\/wp\/v2\/product\/13709","targetHints":{"allow":["GET"]}}],"collection":[{"href":"https:\/\/bschairs.it\/de\/wp-json\/wp\/v2\/product"}],"about":[{"href":"https:\/\/bschairs.it\/de\/wp-json\/wp\/v2\/types\/product"}],"replies":[{"embeddable":true,"href":"https:\/\/bschairs.it\/de\/wp-json\/wp\/v2\/comments?post=13709"}],"wp:featuredmedia":[{"embeddable":true,"href":"https:\/\/bschairs.it\/de\/wp-json\/wp\/v2\/media\/13797"}],"wp:attachment":[{"href":"https:\/\/bschairs.it\/de\/wp-json\/wp\/v2\/media?parent=13709"}],"wp:term":[{"taxonomy":"product_brand","embeddable":true,"href":"https:\/\/bschairs.it\/de\/wp-json\/wp\/v2\/product_brand?post=13709"},{"taxonomy":"product_cat","embeddable":true,"href":"https:\/\/bschairs.it\/de\/wp-json\/wp\/v2\/product_cat?post=13709"},{"taxonomy":"product_tag","embeddable":true,"href":"https:\/\/bschairs.it\/de\/wp-json\/wp\/v2\/product_tag?post=13709"}],"curies":[{"name":"wp","href":"https:\/\/api.w.org\/{rel}","templated":true}]}}