{"id":13710,"date":"2024-02-13T14:38:45","date_gmt":"2024-02-13T14:38:45","guid":{"rendered":"https:\/\/bschairs.it\/?post_type=product&#038;p=13710"},"modified":"2024-05-20T10:44:36","modified_gmt":"2024-05-20T10:44:36","slug":"detroit-4","status":"publish","type":"product","link":"https:\/\/bschairs.it\/de\/negozio\/tutti-gli-stili\/stile-contemporaneo\/detroit-4\/","title":{"rendered":"Detroit"},"content":{"rendered":"<p>Tisch im schlichten und modernen skandinavischen Stil, ideal, um jedem Raum einen Hauch funktionalen Minimalismus zu verleihen. Die Tischoberfl\u00e4che ist glatt und eben, aus europ\u00e4ischem Buchenholz gefertigt, f\u00fcr ein natu\u0308rliches und sauberes Aussehen.<\/p>","protected":false},"excerpt":{"rendered":"<p>Tisch im schlichten und modernen skandinavischen Stil, ideal, um jedem Raum einen Hauch funktionalen Minimalismus zu verleihen. Die Tischoberfl\u00e4che ist glatt und eben, aus europ\u00e4ischem Buchenholz gefertigt, f\u00fcr ein natu\u0308rliches und sauberes Aussehen.<\/p>","protected":false},"featured_media":13801,"comment_status":"closed","ping_status":"closed","template":"","meta":[],"product_brand":[],"product_cat":[126,125],"product_tag":[137],"class_list":{"0":"post-13710","1":"product","2":"type-product","3":"status-publish","4":"has-post-thumbnail","6":"product_cat-stile-contemporaneo","7":"product_cat-tutti-gli-stili","8":"product_tag-tavolini","10":"first","11":"instock","12":"shipping-taxable","13":"product-type-simple"},"_links":{"self":[{"href":"https:\/\/bschairs.it\/de\/wp-json\/wp\/v2\/product\/13710","targetHints":{"allow":["GET"]}}],"collection":[{"href":"https:\/\/bschairs.it\/de\/wp-json\/wp\/v2\/product"}],"about":[{"href":"https:\/\/bschairs.it\/de\/wp-json\/wp\/v2\/types\/product"}],"replies":[{"embeddable":true,"href":"https:\/\/bschairs.it\/de\/wp-json\/wp\/v2\/comments?post=13710"}],"wp:featuredmedia":[{"embeddable":true,"href":"https:\/\/bschairs.it\/de\/wp-json\/wp\/v2\/media\/13801"}],"wp:attachment":[{"href":"https:\/\/bschairs.it\/de\/wp-json\/wp\/v2\/media?parent=13710"}],"wp:term":[{"taxonomy":"product_brand","embeddable":true,"href":"https:\/\/bschairs.it\/de\/wp-json\/wp\/v2\/product_brand?post=13710"},{"taxonomy":"product_cat","embeddable":true,"href":"https:\/\/bschairs.it\/de\/wp-json\/wp\/v2\/product_cat?post=13710"},{"taxonomy":"product_tag","embeddable":true,"href":"https:\/\/bschairs.it\/de\/wp-json\/wp\/v2\/product_tag?post=13710"}],"curies":[{"name":"wp","href":"https:\/\/api.w.org\/{rel}","templated":true}]}}