{"id":13732,"date":"2024-02-13T14:39:06","date_gmt":"2024-02-13T14:39:06","guid":{"rendered":"https:\/\/bschairs.it\/?post_type=product&#038;p=13732"},"modified":"2024-05-20T10:30:52","modified_gmt":"2024-05-20T10:30:52","slug":"detroit-5","status":"publish","type":"product","link":"https:\/\/bschairs.it\/de\/negozio\/tutti-gli-stili\/stile-contemporaneo\/detroit-5\/","title":{"rendered":"Detroit"},"content":{"rendered":"<p>Der Couchtisch ist ein Beispiel f\u00fcr minimalistisches und funktionales Design. Hergestellt aus europ\u00e4ischem Buchenholz, verf\u00fcgt er \u00fcber eine glatte Oberfl\u00e4che, die die nat\u00fcrliche Sch\u00f6nheit des Materials betont. Ideal als Einrichtungszubeh\u00f6r in einem einfachen und neutralen Raum.<\/p>","protected":false},"excerpt":{"rendered":"<p>Der Couchtisch ist ein Beispiel f\u00fcr minimalistisches und funktionales Design. Hergestellt aus europ\u00e4ischem Buchenholz, verf\u00fcgt er \u00fcber eine glatte Oberfl\u00e4che, die die nat\u00fcrliche Sch\u00f6nheit des Materials betont. Ideal als Einrichtungszubeh\u00f6r in einem einfachen und neutralen Raum.<\/p>","protected":false},"featured_media":13802,"comment_status":"closed","ping_status":"closed","template":"","meta":[],"product_brand":[],"product_cat":[126,125],"product_tag":[137],"class_list":{"0":"post-13732","1":"product","2":"type-product","3":"status-publish","4":"has-post-thumbnail","6":"product_cat-stile-contemporaneo","7":"product_cat-tutti-gli-stili","8":"product_tag-tavolini","10":"first","11":"instock","12":"shipping-taxable","13":"product-type-simple"},"_links":{"self":[{"href":"https:\/\/bschairs.it\/de\/wp-json\/wp\/v2\/product\/13732","targetHints":{"allow":["GET"]}}],"collection":[{"href":"https:\/\/bschairs.it\/de\/wp-json\/wp\/v2\/product"}],"about":[{"href":"https:\/\/bschairs.it\/de\/wp-json\/wp\/v2\/types\/product"}],"replies":[{"embeddable":true,"href":"https:\/\/bschairs.it\/de\/wp-json\/wp\/v2\/comments?post=13732"}],"wp:featuredmedia":[{"embeddable":true,"href":"https:\/\/bschairs.it\/de\/wp-json\/wp\/v2\/media\/13802"}],"wp:attachment":[{"href":"https:\/\/bschairs.it\/de\/wp-json\/wp\/v2\/media?parent=13732"}],"wp:term":[{"taxonomy":"product_brand","embeddable":true,"href":"https:\/\/bschairs.it\/de\/wp-json\/wp\/v2\/product_brand?post=13732"},{"taxonomy":"product_cat","embeddable":true,"href":"https:\/\/bschairs.it\/de\/wp-json\/wp\/v2\/product_cat?post=13732"},{"taxonomy":"product_tag","embeddable":true,"href":"https:\/\/bschairs.it\/de\/wp-json\/wp\/v2\/product_tag?post=13732"}],"curies":[{"name":"wp","href":"https:\/\/api.w.org\/{rel}","templated":true}]}}