{"id":13733,"date":"2024-02-13T14:39:06","date_gmt":"2024-02-13T14:39:06","guid":{"rendered":"https:\/\/bschairs.it\/?post_type=product&#038;p=13733"},"modified":"2024-05-20T10:32:32","modified_gmt":"2024-05-20T10:32:32","slug":"tucson-2","status":"publish","type":"product","link":"https:\/\/bschairs.it\/de\/negozio\/tutti-gli-stili\/stile-contemporaneo\/tucson-2\/","title":{"rendered":"Tucson"},"content":{"rendered":"<p>Barhocker in einer Mischung aus Eleganz und Komfort, perfekt, um eine zeitgen\u00f6ssische Atmosph\u00e4re zu vervollst\u00e4ndigen. Er verf\u00fcgt \u00fcber eine umh\u00fcllende Sitzfl\u00e4che und R\u00fcckenlehne, gepolstert f\u00fcr maximalen Komfort und bezogen mit Samtstoff, der eine Note von Weichheit und W\u00e4rme hinzuf\u00fcgt.<\/p>","protected":false},"excerpt":{"rendered":"<p>Barhocker in einer Mischung aus Eleganz und Komfort, perfekt, um eine zeitgen\u00f6ssische Atmosph\u00e4re zu vervollst\u00e4ndigen. Er verf\u00fcgt \u00fcber eine umh\u00fcllende Sitzfl\u00e4che und R\u00fcckenlehne, gepolstert f\u00fcr maximalen Komfort und bezogen mit Samtstoff, der eine Note von Weichheit und W\u00e4rme hinzuf\u00fcgt.<\/p>","protected":false},"featured_media":13803,"comment_status":"closed","ping_status":"closed","template":"","meta":[],"product_brand":[],"product_cat":[126,125],"product_tag":[131],"class_list":{"0":"post-13733","1":"product","2":"type-product","3":"status-publish","4":"has-post-thumbnail","6":"product_cat-stile-contemporaneo","7":"product_cat-tutti-gli-stili","8":"product_tag-sgabelli","10":"first","11":"instock","12":"shipping-taxable","13":"product-type-simple"},"_links":{"self":[{"href":"https:\/\/bschairs.it\/de\/wp-json\/wp\/v2\/product\/13733","targetHints":{"allow":["GET"]}}],"collection":[{"href":"https:\/\/bschairs.it\/de\/wp-json\/wp\/v2\/product"}],"about":[{"href":"https:\/\/bschairs.it\/de\/wp-json\/wp\/v2\/types\/product"}],"replies":[{"embeddable":true,"href":"https:\/\/bschairs.it\/de\/wp-json\/wp\/v2\/comments?post=13733"}],"wp:featuredmedia":[{"embeddable":true,"href":"https:\/\/bschairs.it\/de\/wp-json\/wp\/v2\/media\/13803"}],"wp:attachment":[{"href":"https:\/\/bschairs.it\/de\/wp-json\/wp\/v2\/media?parent=13733"}],"wp:term":[{"taxonomy":"product_brand","embeddable":true,"href":"https:\/\/bschairs.it\/de\/wp-json\/wp\/v2\/product_brand?post=13733"},{"taxonomy":"product_cat","embeddable":true,"href":"https:\/\/bschairs.it\/de\/wp-json\/wp\/v2\/product_cat?post=13733"},{"taxonomy":"product_tag","embeddable":true,"href":"https:\/\/bschairs.it\/de\/wp-json\/wp\/v2\/product_tag?post=13733"}],"curies":[{"name":"wp","href":"https:\/\/api.w.org\/{rel}","templated":true}]}}