{"id":13736,"date":"2024-02-13T14:39:06","date_gmt":"2024-02-13T14:39:06","guid":{"rendered":"https:\/\/bschairs.it\/?post_type=product&#038;p=13736"},"modified":"2024-05-20T10:37:08","modified_gmt":"2024-05-20T10:37:08","slug":"woodbridge-2","status":"publish","type":"product","link":"https:\/\/bschairs.it\/de\/negozio\/tutti-gli-stili\/stile-contemporaneo\/woodbridge-2\/","title":{"rendered":"Woodbridge"},"content":{"rendered":"<p>Der Woodbridge Hocker verf\u00fcgt \u00fcber eine ergonomische Sitzfl\u00e4che, die mit Samt bezogen ist und weichen und einladenden Komfort bietet. Die Beine aus europ\u00e4ischem Buchenholz erheben sich elegant und einfach, mit einer integrierten Fu\u00dfst\u00fctze, um maximalen Komfort w\u00e4hrend l\u00e4ngerer Nutzung zu gew\u00e4hrleisten.<\/p>","protected":false},"excerpt":{"rendered":"<p>Der Woodbridge Hocker verf\u00fcgt \u00fcber eine ergonomische Sitzfl\u00e4che, die mit Samt bezogen ist und weichen und einladenden Komfort bietet. Die Beine aus europ\u00e4ischem Buchenholz erheben sich elegant und einfach, mit einer integrierten Fu\u00dfst\u00fctze, um maximalen Komfort w\u00e4hrend l\u00e4ngerer Nutzung zu gew\u00e4hrleisten.<\/p>","protected":false},"featured_media":13815,"comment_status":"closed","ping_status":"closed","template":"","meta":[],"product_brand":[],"product_cat":[126,125],"product_tag":[131],"class_list":{"0":"post-13736","1":"product","2":"type-product","3":"status-publish","4":"has-post-thumbnail","6":"product_cat-stile-contemporaneo","7":"product_cat-tutti-gli-stili","8":"product_tag-sgabelli","10":"first","11":"instock","12":"shipping-taxable","13":"product-type-simple"},"_links":{"self":[{"href":"https:\/\/bschairs.it\/de\/wp-json\/wp\/v2\/product\/13736","targetHints":{"allow":["GET"]}}],"collection":[{"href":"https:\/\/bschairs.it\/de\/wp-json\/wp\/v2\/product"}],"about":[{"href":"https:\/\/bschairs.it\/de\/wp-json\/wp\/v2\/types\/product"}],"replies":[{"embeddable":true,"href":"https:\/\/bschairs.it\/de\/wp-json\/wp\/v2\/comments?post=13736"}],"wp:featuredmedia":[{"embeddable":true,"href":"https:\/\/bschairs.it\/de\/wp-json\/wp\/v2\/media\/13815"}],"wp:attachment":[{"href":"https:\/\/bschairs.it\/de\/wp-json\/wp\/v2\/media?parent=13736"}],"wp:term":[{"taxonomy":"product_brand","embeddable":true,"href":"https:\/\/bschairs.it\/de\/wp-json\/wp\/v2\/product_brand?post=13736"},{"taxonomy":"product_cat","embeddable":true,"href":"https:\/\/bschairs.it\/de\/wp-json\/wp\/v2\/product_cat?post=13736"},{"taxonomy":"product_tag","embeddable":true,"href":"https:\/\/bschairs.it\/de\/wp-json\/wp\/v2\/product_tag?post=13736"}],"curies":[{"name":"wp","href":"https:\/\/api.w.org\/{rel}","templated":true}]}}