{"id":13737,"date":"2024-02-13T14:39:07","date_gmt":"2024-02-13T14:39:07","guid":{"rendered":"https:\/\/bschairs.it\/?post_type=product&#038;p=13737"},"modified":"2024-05-20T10:29:34","modified_gmt":"2024-05-20T10:29:34","slug":"iconico","status":"publish","type":"product","link":"https:\/\/bschairs.it\/de\/negozio\/tutti-gli-stili\/stile-contemporaneo\/iconico\/","title":{"rendered":"Iconico"},"content":{"rendered":"<p>Pouf als vielseitiges und modernes Einrichtungszubeh\u00f6r. Bezogen mit einem weichen Stoff, bietet dieses zylindrische Accessoire eine praktische L\u00f6sung zum Sitzen oder als Fu\u00dfst\u00fctze. Sein einfaches Design macht es perfekt, um sich in jede Farbgebung oder Einrichtungsstil zu integrieren.<\/p>","protected":false},"excerpt":{"rendered":"<p>Pouf als vielseitiges und modernes Einrichtungszubeh\u00f6r. Bezogen mit einem weichen Stoff, bietet dieses zylindrische Accessoire eine praktische L\u00f6sung zum Sitzen oder als Fu\u00dfst\u00fctze. Sein einfaches Design macht es perfekt, um sich in jede Farbgebung oder Einrichtungsstil zu integrieren.<\/p>","protected":false},"featured_media":13819,"comment_status":"closed","ping_status":"closed","template":"","meta":[],"product_brand":[],"product_cat":[126,125],"product_tag":[136],"class_list":{"0":"post-13737","1":"product","2":"type-product","3":"status-publish","4":"has-post-thumbnail","6":"product_cat-stile-contemporaneo","7":"product_cat-tutti-gli-stili","8":"product_tag-pouf","10":"first","11":"instock","12":"shipping-taxable","13":"product-type-simple"},"_links":{"self":[{"href":"https:\/\/bschairs.it\/de\/wp-json\/wp\/v2\/product\/13737","targetHints":{"allow":["GET"]}}],"collection":[{"href":"https:\/\/bschairs.it\/de\/wp-json\/wp\/v2\/product"}],"about":[{"href":"https:\/\/bschairs.it\/de\/wp-json\/wp\/v2\/types\/product"}],"replies":[{"embeddable":true,"href":"https:\/\/bschairs.it\/de\/wp-json\/wp\/v2\/comments?post=13737"}],"wp:featuredmedia":[{"embeddable":true,"href":"https:\/\/bschairs.it\/de\/wp-json\/wp\/v2\/media\/13819"}],"wp:attachment":[{"href":"https:\/\/bschairs.it\/de\/wp-json\/wp\/v2\/media?parent=13737"}],"wp:term":[{"taxonomy":"product_brand","embeddable":true,"href":"https:\/\/bschairs.it\/de\/wp-json\/wp\/v2\/product_brand?post=13737"},{"taxonomy":"product_cat","embeddable":true,"href":"https:\/\/bschairs.it\/de\/wp-json\/wp\/v2\/product_cat?post=13737"},{"taxonomy":"product_tag","embeddable":true,"href":"https:\/\/bschairs.it\/de\/wp-json\/wp\/v2\/product_tag?post=13737"}],"curies":[{"name":"wp","href":"https:\/\/api.w.org\/{rel}","templated":true}]}}