{"id":13766,"date":"2024-02-13T14:39:29","date_gmt":"2024-02-13T14:39:29","guid":{"rendered":"https:\/\/bschairs.it\/?post_type=product&#038;p=13766"},"modified":"2024-05-20T10:12:40","modified_gmt":"2024-05-20T10:12:40","slug":"spin","status":"publish","type":"product","link":"https:\/\/bschairs.it\/de\/negozio\/tutti-gli-stili\/stile-contemporaneo\/spin\/","title":{"rendered":"Spin"},"content":{"rendered":"<p>Sch\u00f6nes Designst\u00fcck, das Funktionalit\u00e4t mit einer ansprechenden \u00e4sthetischen Form verbindet. Gekennzeichnet durch einen drehbaren Sitz ist dieser Sessel mit einem samtigen Stoff bezogen, der angenehm weich ist und visuell ansprechend wirkt. Ideal als Einrichtungselement in einem modernen Ambiente.<\/p>","protected":false},"excerpt":{"rendered":"<p>Sch\u00f6nes Designst\u00fcck, das Funktionalit\u00e4t mit einer ansprechenden \u00e4sthetischen Form verbindet. Gekennzeichnet durch einen drehbaren Sitz ist dieser Sessel mit einem samtigen Stoff bezogen, der angenehm weich ist und visuell ansprechend wirkt. Ideal als Einrichtungselement in einem modernen Ambiente.<\/p>","protected":false},"featured_media":13820,"comment_status":"closed","ping_status":"closed","template":"","meta":[],"product_brand":[],"product_cat":[126,125],"product_tag":[133],"class_list":{"0":"post-13766","1":"product","2":"type-product","3":"status-publish","4":"has-post-thumbnail","6":"product_cat-stile-contemporaneo","7":"product_cat-tutti-gli-stili","8":"product_tag-poltroncine","10":"first","11":"instock","12":"shipping-taxable","13":"product-type-simple"},"_links":{"self":[{"href":"https:\/\/bschairs.it\/de\/wp-json\/wp\/v2\/product\/13766","targetHints":{"allow":["GET"]}}],"collection":[{"href":"https:\/\/bschairs.it\/de\/wp-json\/wp\/v2\/product"}],"about":[{"href":"https:\/\/bschairs.it\/de\/wp-json\/wp\/v2\/types\/product"}],"replies":[{"embeddable":true,"href":"https:\/\/bschairs.it\/de\/wp-json\/wp\/v2\/comments?post=13766"}],"wp:featuredmedia":[{"embeddable":true,"href":"https:\/\/bschairs.it\/de\/wp-json\/wp\/v2\/media\/13820"}],"wp:attachment":[{"href":"https:\/\/bschairs.it\/de\/wp-json\/wp\/v2\/media?parent=13766"}],"wp:term":[{"taxonomy":"product_brand","embeddable":true,"href":"https:\/\/bschairs.it\/de\/wp-json\/wp\/v2\/product_brand?post=13766"},{"taxonomy":"product_cat","embeddable":true,"href":"https:\/\/bschairs.it\/de\/wp-json\/wp\/v2\/product_cat?post=13766"},{"taxonomy":"product_tag","embeddable":true,"href":"https:\/\/bschairs.it\/de\/wp-json\/wp\/v2\/product_tag?post=13766"}],"curies":[{"name":"wp","href":"https:\/\/api.w.org\/{rel}","templated":true}]}}