{"id":13772,"date":"2024-09-13T16:36:29","date_gmt":"2024-09-13T16:36:29","guid":{"rendered":"https:\/\/bschairs.it\/?post_type=product&#038;p=13772"},"modified":"2024-10-08T09:40:17","modified_gmt":"2024-10-08T09:40:17","slug":"ofelia","status":"publish","type":"product","link":"https:\/\/bschairs.it\/de\/negozio\/tutti-gli-stili\/stile-contemporaneo\/ofelia\/","title":{"rendered":"Ofelia"},"content":{"rendered":"<p>Der Sessel aus Naturbuche: elegant und komfortabel, bietet er eine sanfte Wippbewegung f\u00fcr totale Entspannung. Seine stabile Struktur und die Buchenessenz verleihen der Umgebung W\u00e4rme und Authentizit\u00e4t. Ein ikonisches Designst\u00fcck, das zeitlosen Stil und Komfort vereint.<\/p>","protected":false},"excerpt":{"rendered":"<p>Der Sessel aus Naturbuche: elegant und komfortabel, bietet er eine sanfte Wippbewegung f\u00fcr totale Entspannung. Seine stabile Struktur und die Buchenessenz verleihen der Umgebung W\u00e4rme und Authentizit\u00e4t. Ein ikonisches Designst\u00fcck, das zeitlosen Stil und Komfort vereint.<\/p>","protected":false},"featured_media":15049,"comment_status":"closed","ping_status":"closed","template":"","meta":[],"product_brand":[],"product_cat":[126,125],"product_tag":[133],"class_list":{"0":"post-13772","1":"product","2":"type-product","3":"status-publish","4":"has-post-thumbnail","6":"product_cat-stile-contemporaneo","7":"product_cat-tutti-gli-stili","8":"product_tag-poltroncine","10":"first","11":"instock","12":"shipping-taxable","13":"product-type-simple"},"_links":{"self":[{"href":"https:\/\/bschairs.it\/de\/wp-json\/wp\/v2\/product\/13772","targetHints":{"allow":["GET"]}}],"collection":[{"href":"https:\/\/bschairs.it\/de\/wp-json\/wp\/v2\/product"}],"about":[{"href":"https:\/\/bschairs.it\/de\/wp-json\/wp\/v2\/types\/product"}],"replies":[{"embeddable":true,"href":"https:\/\/bschairs.it\/de\/wp-json\/wp\/v2\/comments?post=13772"}],"wp:featuredmedia":[{"embeddable":true,"href":"https:\/\/bschairs.it\/de\/wp-json\/wp\/v2\/media\/15049"}],"wp:attachment":[{"href":"https:\/\/bschairs.it\/de\/wp-json\/wp\/v2\/media?parent=13772"}],"wp:term":[{"taxonomy":"product_brand","embeddable":true,"href":"https:\/\/bschairs.it\/de\/wp-json\/wp\/v2\/product_brand?post=13772"},{"taxonomy":"product_cat","embeddable":true,"href":"https:\/\/bschairs.it\/de\/wp-json\/wp\/v2\/product_cat?post=13772"},{"taxonomy":"product_tag","embeddable":true,"href":"https:\/\/bschairs.it\/de\/wp-json\/wp\/v2\/product_tag?post=13772"}],"curies":[{"name":"wp","href":"https:\/\/api.w.org\/{rel}","templated":true}]}}