{"id":14373,"date":"2024-09-13T16:34:16","date_gmt":"2024-09-13T16:34:16","guid":{"rendered":"https:\/\/bschairs.it\/?post_type=product&#038;p=14373"},"modified":"2024-10-07T10:49:50","modified_gmt":"2024-10-07T10:49:50","slug":"cloud-4","status":"publish","type":"product","link":"https:\/\/bschairs.it\/de\/negozio\/tutti-gli-stili\/stile-contemporaneo\/cloud-4\/","title":{"rendered":"Cloud"},"content":{"rendered":"<p>Mit seiner Sitzfl\u00e4che in Form einer aufbl\u00fchenden Blume \u00fcberrascht und bezaubert dieser Hocker. Die Buchenessenz vermittelt ein Gef\u00fchl von W\u00e4rme und Authentizit\u00e4t, w\u00e4hrend das innovative Design einen Hauch von Frische und Originalit\u00e4t in die R\u00e4ume bringt. Ideal f\u00fcr Hotelbars, Restaurants und Luxushotels.<\/p>","protected":false},"excerpt":{"rendered":"<p>Mit seiner Sitzfl\u00e4che in Form einer aufbl\u00fchenden Blume \u00fcberrascht und bezaubert dieser Hocker. Die Buchenessenz vermittelt ein Gef\u00fchl von W\u00e4rme und Authentizit\u00e4t, w\u00e4hrend das innovative Design einen Hauch von Frische und Originalit\u00e4t in die R\u00e4ume bringt. Ideal f\u00fcr Hotelbars, Restaurants und Luxushotels.<\/p>","protected":false},"featured_media":15000,"comment_status":"closed","ping_status":"closed","template":"","meta":[],"product_brand":[],"product_cat":[126,125],"product_tag":[131],"class_list":{"0":"post-14373","1":"product","2":"type-product","3":"status-publish","4":"has-post-thumbnail","6":"product_cat-stile-contemporaneo","7":"product_cat-tutti-gli-stili","8":"product_tag-sgabelli","10":"first","11":"instock","12":"shipping-taxable","13":"product-type-simple"},"_links":{"self":[{"href":"https:\/\/bschairs.it\/de\/wp-json\/wp\/v2\/product\/14373","targetHints":{"allow":["GET"]}}],"collection":[{"href":"https:\/\/bschairs.it\/de\/wp-json\/wp\/v2\/product"}],"about":[{"href":"https:\/\/bschairs.it\/de\/wp-json\/wp\/v2\/types\/product"}],"replies":[{"embeddable":true,"href":"https:\/\/bschairs.it\/de\/wp-json\/wp\/v2\/comments?post=14373"}],"wp:featuredmedia":[{"embeddable":true,"href":"https:\/\/bschairs.it\/de\/wp-json\/wp\/v2\/media\/15000"}],"wp:attachment":[{"href":"https:\/\/bschairs.it\/de\/wp-json\/wp\/v2\/media?parent=14373"}],"wp:term":[{"taxonomy":"product_brand","embeddable":true,"href":"https:\/\/bschairs.it\/de\/wp-json\/wp\/v2\/product_brand?post=14373"},{"taxonomy":"product_cat","embeddable":true,"href":"https:\/\/bschairs.it\/de\/wp-json\/wp\/v2\/product_cat?post=14373"},{"taxonomy":"product_tag","embeddable":true,"href":"https:\/\/bschairs.it\/de\/wp-json\/wp\/v2\/product_tag?post=14373"}],"curies":[{"name":"wp","href":"https:\/\/api.w.org\/{rel}","templated":true}]}}