{"id":14374,"date":"2024-09-13T16:36:16","date_gmt":"2024-09-13T16:36:16","guid":{"rendered":"https:\/\/bschairs.it\/?post_type=product&#038;p=14374"},"modified":"2024-10-08T09:22:00","modified_gmt":"2024-10-08T09:22:00","slug":"nadir","status":"publish","type":"product","link":"https:\/\/bschairs.it\/de\/negozio\/tutti-gli-stili\/stile-contemporaneo\/nadir\/","title":{"rendered":"Nadir"},"content":{"rendered":"<p>Mit ihren einh\u00fcllenden Kurven und sanften Bewegungen verwandelt dieser Sessel Hotelr\u00e4ume in wahre Ruheoasen. Seine einzigartige Form fesselt die Aufmerksamkeit und l\u00e4dt die G\u00e4ste ein, sich in eine Welt der Gelassenheit und des Wohlbefindens einzutauchen.<\/p>","protected":false},"excerpt":{"rendered":"<p>Mit ihren einh\u00fcllenden Kurven und sanften Bewegungen verwandelt dieser Sessel Hotelr\u00e4ume in wahre Ruheoasen. Seine einzigartige Form fesselt die Aufmerksamkeit und l\u00e4dt die G\u00e4ste ein, sich in eine Welt der Gelassenheit und des Wohlbefindens einzutauchen.<\/p>","protected":false},"featured_media":14994,"comment_status":"closed","ping_status":"closed","template":"","meta":[],"product_brand":[],"product_cat":[126,125],"product_tag":[133],"class_list":{"0":"post-14374","1":"product","2":"type-product","3":"status-publish","4":"has-post-thumbnail","6":"product_cat-stile-contemporaneo","7":"product_cat-tutti-gli-stili","8":"product_tag-poltroncine","10":"first","11":"instock","12":"shipping-taxable","13":"product-type-simple"},"_links":{"self":[{"href":"https:\/\/bschairs.it\/de\/wp-json\/wp\/v2\/product\/14374","targetHints":{"allow":["GET"]}}],"collection":[{"href":"https:\/\/bschairs.it\/de\/wp-json\/wp\/v2\/product"}],"about":[{"href":"https:\/\/bschairs.it\/de\/wp-json\/wp\/v2\/types\/product"}],"replies":[{"embeddable":true,"href":"https:\/\/bschairs.it\/de\/wp-json\/wp\/v2\/comments?post=14374"}],"wp:featuredmedia":[{"embeddable":true,"href":"https:\/\/bschairs.it\/de\/wp-json\/wp\/v2\/media\/14994"}],"wp:attachment":[{"href":"https:\/\/bschairs.it\/de\/wp-json\/wp\/v2\/media?parent=14374"}],"wp:term":[{"taxonomy":"product_brand","embeddable":true,"href":"https:\/\/bschairs.it\/de\/wp-json\/wp\/v2\/product_brand?post=14374"},{"taxonomy":"product_cat","embeddable":true,"href":"https:\/\/bschairs.it\/de\/wp-json\/wp\/v2\/product_cat?post=14374"},{"taxonomy":"product_tag","embeddable":true,"href":"https:\/\/bschairs.it\/de\/wp-json\/wp\/v2\/product_tag?post=14374"}],"curies":[{"name":"wp","href":"https:\/\/api.w.org\/{rel}","templated":true}]}}