{"id":14376,"date":"2024-09-13T16:36:16","date_gmt":"2024-09-13T16:36:16","guid":{"rendered":"https:\/\/bschairs.it\/?post_type=product&#038;p=14376"},"modified":"2024-10-07T08:12:28","modified_gmt":"2024-10-07T08:12:28","slug":"dafne","status":"publish","type":"product","link":"https:\/\/bschairs.it\/de\/negozio\/tutti-gli-stili\/stile-contemporaneo\/dafne\/","title":{"rendered":"Dafne"},"content":{"rendered":"<p>Mit ihren geschwungenen Linien, die an zarte Bl\u00fctenbl\u00e4tter erinnern, vereint diese Kreation Anmut und Eleganz. Das sanfte Schaukeln bietet einen einzigartigen Moment der Entspannung, w\u00e4hrend die Essenz der Buche W\u00e4rme und Authentizit\u00e4t hinzuf\u00fcgt. Perfekt, um jedem Hotellobby einen Hauch von Natur und Raffinesse zu verleihen.<\/p>","protected":false},"excerpt":{"rendered":"<p>Mit ihren geschwungenen Linien, die an zarte Bl\u00fctenbl\u00e4tter erinnern, vereint diese Kreation Anmut und Eleganz. Das sanfte Schaukeln bietet einen einzigartigen Moment der Entspannung, w\u00e4hrend die Essenz der Buche W\u00e4rme und Authentizit\u00e4t hinzuf\u00fcgt. Perfekt, um jedem Hotellobby einen Hauch von Natur und Raffinesse zu verleihen.<\/p>","protected":false},"featured_media":14987,"comment_status":"closed","ping_status":"closed","template":"","meta":[],"product_brand":[],"product_cat":[126,125],"product_tag":[133],"class_list":{"0":"post-14376","1":"product","2":"type-product","3":"status-publish","4":"has-post-thumbnail","6":"product_cat-stile-contemporaneo","7":"product_cat-tutti-gli-stili","8":"product_tag-poltroncine","10":"first","11":"instock","12":"shipping-taxable","13":"product-type-simple"},"_links":{"self":[{"href":"https:\/\/bschairs.it\/de\/wp-json\/wp\/v2\/product\/14376","targetHints":{"allow":["GET"]}}],"collection":[{"href":"https:\/\/bschairs.it\/de\/wp-json\/wp\/v2\/product"}],"about":[{"href":"https:\/\/bschairs.it\/de\/wp-json\/wp\/v2\/types\/product"}],"replies":[{"embeddable":true,"href":"https:\/\/bschairs.it\/de\/wp-json\/wp\/v2\/comments?post=14376"}],"wp:featuredmedia":[{"embeddable":true,"href":"https:\/\/bschairs.it\/de\/wp-json\/wp\/v2\/media\/14987"}],"wp:attachment":[{"href":"https:\/\/bschairs.it\/de\/wp-json\/wp\/v2\/media?parent=14376"}],"wp:term":[{"taxonomy":"product_brand","embeddable":true,"href":"https:\/\/bschairs.it\/de\/wp-json\/wp\/v2\/product_brand?post=14376"},{"taxonomy":"product_cat","embeddable":true,"href":"https:\/\/bschairs.it\/de\/wp-json\/wp\/v2\/product_cat?post=14376"},{"taxonomy":"product_tag","embeddable":true,"href":"https:\/\/bschairs.it\/de\/wp-json\/wp\/v2\/product_tag?post=14376"}],"curies":[{"name":"wp","href":"https:\/\/api.w.org\/{rel}","templated":true}]}}