{"id":14377,"date":"2024-09-13T16:37:16","date_gmt":"2024-09-13T16:37:16","guid":{"rendered":"https:\/\/bschairs.it\/?post_type=product&#038;p=14377"},"modified":"2024-10-11T07:47:13","modified_gmt":"2024-10-11T07:47:13","slug":"rollo","status":"publish","type":"product","link":"https:\/\/bschairs.it\/de\/negozio\/tutti-gli-stili\/stile-contemporaneo\/rollo\/","title":{"rendered":"Rollo"},"content":{"rendered":"<p>Gekennzeichnet durch eine markante quadratische Form und ein innovatives Detail, ein mutiges Loch im R\u00fccken, f\u00e4ngt dieser Sessel die Aufmerksamkeit mit seiner Originalit\u00e4t ein. Die Kombination aus Komfort und Kreativit\u00e4t macht diesen Sessel zu einer \u00fcberraschenden Erg\u00e4nzung f\u00fcr Restaurant- und Hotellounges.<\/p>","protected":false},"excerpt":{"rendered":"<p>Gekennzeichnet durch eine markante quadratische Form und ein innovatives Detail, ein mutiges Loch im R\u00fccken, f\u00e4ngt dieser Sessel die Aufmerksamkeit mit seiner Originalit\u00e4t ein. Die Kombination aus Komfort und Kreativit\u00e4t macht diesen Sessel zu einer \u00fcberraschenden Erg\u00e4nzung f\u00fcr Restaurant- und Hotellounges.<\/p>","protected":false},"featured_media":15005,"comment_status":"closed","ping_status":"closed","template":"","meta":[],"product_brand":[],"product_cat":[126,125],"product_tag":[133],"class_list":{"0":"post-14377","1":"product","2":"type-product","3":"status-publish","4":"has-post-thumbnail","6":"product_cat-stile-contemporaneo","7":"product_cat-tutti-gli-stili","8":"product_tag-poltroncine","10":"first","11":"instock","12":"shipping-taxable","13":"product-type-simple"},"_links":{"self":[{"href":"https:\/\/bschairs.it\/de\/wp-json\/wp\/v2\/product\/14377","targetHints":{"allow":["GET"]}}],"collection":[{"href":"https:\/\/bschairs.it\/de\/wp-json\/wp\/v2\/product"}],"about":[{"href":"https:\/\/bschairs.it\/de\/wp-json\/wp\/v2\/types\/product"}],"replies":[{"embeddable":true,"href":"https:\/\/bschairs.it\/de\/wp-json\/wp\/v2\/comments?post=14377"}],"wp:featuredmedia":[{"embeddable":true,"href":"https:\/\/bschairs.it\/de\/wp-json\/wp\/v2\/media\/15005"}],"wp:attachment":[{"href":"https:\/\/bschairs.it\/de\/wp-json\/wp\/v2\/media?parent=14377"}],"wp:term":[{"taxonomy":"product_brand","embeddable":true,"href":"https:\/\/bschairs.it\/de\/wp-json\/wp\/v2\/product_brand?post=14377"},{"taxonomy":"product_cat","embeddable":true,"href":"https:\/\/bschairs.it\/de\/wp-json\/wp\/v2\/product_cat?post=14377"},{"taxonomy":"product_tag","embeddable":true,"href":"https:\/\/bschairs.it\/de\/wp-json\/wp\/v2\/product_tag?post=14377"}],"curies":[{"name":"wp","href":"https:\/\/api.w.org\/{rel}","templated":true}]}}