{"id":14954,"date":"2024-10-03T11:22:58","date_gmt":"2024-10-03T11:22:58","guid":{"rendered":"https:\/\/bschairs.it\/?post_type=product&#038;p=14954"},"modified":"2024-10-11T07:52:58","modified_gmt":"2024-10-11T07:52:58","slug":"plaus-sedia","status":"publish","type":"product","link":"https:\/\/bschairs.it\/de\/negozio\/tutti-gli-stili\/stile-contemporaneo\/plaus-sedia\/","title":{"rendered":"Plaus"},"content":{"rendered":"<p>Ein Stuhl mit eleganten und geschwungenen Linien, geh\u00fcllt in einen zarten geometrischen Stoff, der an die Pr\u00e4zision einer alten Stickerei erinnert. Seine dunklen, schlanken Beine, wie feine Pinselstriche, tragen eine Sitzfl\u00e4che, die Ruhe und Komfort einl\u00e4dt, w\u00e4hrend die hellen und harmonischen T\u00f6ne ein Gef\u00fchl von Leichtigkeit und Gelassenheit hervorrufen.<\/p>","protected":false},"excerpt":{"rendered":"<p>Ein Stuhl mit eleganten und geschwungenen Linien, geh\u00fcllt in einen zarten geometrischen Stoff, der an die Pr\u00e4zision einer alten Stickerei erinnert. Seine dunklen, schlanken Beine, wie feine Pinselstriche, tragen eine Sitzfl\u00e4che, die Ruhe und Komfort einl\u00e4dt, w\u00e4hrend die hellen und harmonischen T\u00f6ne ein Gef\u00fchl von Leichtigkeit und Gelassenheit hervorrufen.<\/p>","protected":false},"featured_media":14958,"comment_status":"closed","ping_status":"closed","template":"","meta":[],"product_brand":[],"product_cat":[126,125],"product_tag":[130],"class_list":{"0":"post-14954","1":"product","2":"type-product","3":"status-publish","4":"has-post-thumbnail","6":"product_cat-stile-contemporaneo","7":"product_cat-tutti-gli-stili","8":"product_tag-sedie","10":"first","11":"instock","12":"shipping-taxable","13":"product-type-simple"},"_links":{"self":[{"href":"https:\/\/bschairs.it\/de\/wp-json\/wp\/v2\/product\/14954","targetHints":{"allow":["GET"]}}],"collection":[{"href":"https:\/\/bschairs.it\/de\/wp-json\/wp\/v2\/product"}],"about":[{"href":"https:\/\/bschairs.it\/de\/wp-json\/wp\/v2\/types\/product"}],"replies":[{"embeddable":true,"href":"https:\/\/bschairs.it\/de\/wp-json\/wp\/v2\/comments?post=14954"}],"wp:featuredmedia":[{"embeddable":true,"href":"https:\/\/bschairs.it\/de\/wp-json\/wp\/v2\/media\/14958"}],"wp:attachment":[{"href":"https:\/\/bschairs.it\/de\/wp-json\/wp\/v2\/media?parent=14954"}],"wp:term":[{"taxonomy":"product_brand","embeddable":true,"href":"https:\/\/bschairs.it\/de\/wp-json\/wp\/v2\/product_brand?post=14954"},{"taxonomy":"product_cat","embeddable":true,"href":"https:\/\/bschairs.it\/de\/wp-json\/wp\/v2\/product_cat?post=14954"},{"taxonomy":"product_tag","embeddable":true,"href":"https:\/\/bschairs.it\/de\/wp-json\/wp\/v2\/product_tag?post=14954"}],"curies":[{"name":"wp","href":"https:\/\/api.w.org\/{rel}","templated":true}]}}