{"id":15009,"date":"2024-10-07T09:10:24","date_gmt":"2024-10-07T09:10:24","guid":{"rendered":"https:\/\/bschairs.it\/?post_type=product&#038;p=15009"},"modified":"2024-10-11T07:45:54","modified_gmt":"2024-10-11T07:45:54","slug":"zefiro","status":"publish","type":"product","link":"https:\/\/bschairs.it\/de\/negozio\/tutti-gli-stili\/stile-contemporaneo\/zefiro\/","title":{"rendered":"Zefiro"},"content":{"rendered":"<p>Mit einem modernen Look und klaren Linien wei\u00df dieser Sessel, wie man auff\u00e4llt, ohne laut zu sein. Er besitzt jene Eleganz, die \u00fcberall funktioniert, sei es im Speisesaal, in einer Entspannungsecke oder in einem der Wohnbereiche der Anlage. Die Beine vereinen Sch\u00f6nheit und Praktikabilit\u00e4t in einem Gleichgewicht, das, einmal gefunden, nie wieder verloren geht.<\/p>","protected":false},"excerpt":{"rendered":"<p>Con un look moderno e linee essenziali, questa poltroncina sa come farsi notare senza bisogno di gridare. Ha quell\u2019eleganza che funziona ovunque la metti, sia in una sala da pranzo, in un angolo relax o in una delle aree living della struttura. Le gambe uniscono bellezza e praticit\u00e0 in un equilibrio che, una volta trovato, [&hellip;]<\/p>\n","protected":false},"featured_media":15012,"comment_status":"closed","ping_status":"closed","template":"","meta":[],"product_brand":[],"product_cat":[126,125],"product_tag":[133],"class_list":{"0":"post-15009","1":"product","2":"type-product","3":"status-publish","4":"has-post-thumbnail","6":"product_cat-stile-contemporaneo","7":"product_cat-tutti-gli-stili","8":"product_tag-poltroncine","10":"first","11":"instock","12":"shipping-taxable","13":"product-type-simple"},"_links":{"self":[{"href":"https:\/\/bschairs.it\/de\/wp-json\/wp\/v2\/product\/15009","targetHints":{"allow":["GET"]}}],"collection":[{"href":"https:\/\/bschairs.it\/de\/wp-json\/wp\/v2\/product"}],"about":[{"href":"https:\/\/bschairs.it\/de\/wp-json\/wp\/v2\/types\/product"}],"replies":[{"embeddable":true,"href":"https:\/\/bschairs.it\/de\/wp-json\/wp\/v2\/comments?post=15009"}],"wp:featuredmedia":[{"embeddable":true,"href":"https:\/\/bschairs.it\/de\/wp-json\/wp\/v2\/media\/15012"}],"wp:attachment":[{"href":"https:\/\/bschairs.it\/de\/wp-json\/wp\/v2\/media?parent=15009"}],"wp:term":[{"taxonomy":"product_brand","embeddable":true,"href":"https:\/\/bschairs.it\/de\/wp-json\/wp\/v2\/product_brand?post=15009"},{"taxonomy":"product_cat","embeddable":true,"href":"https:\/\/bschairs.it\/de\/wp-json\/wp\/v2\/product_cat?post=15009"},{"taxonomy":"product_tag","embeddable":true,"href":"https:\/\/bschairs.it\/de\/wp-json\/wp\/v2\/product_tag?post=15009"}],"curies":[{"name":"wp","href":"https:\/\/api.w.org\/{rel}","templated":true}]}}