{"id":15019,"date":"2024-09-13T16:35:04","date_gmt":"2024-09-13T16:35:04","guid":{"rendered":"https:\/\/bschairs.it\/?post_type=product&#038;p=15019"},"modified":"2024-10-11T07:48:43","modified_gmt":"2024-10-11T07:48:43","slug":"gilmore","status":"publish","type":"product","link":"https:\/\/bschairs.it\/de\/negozio\/tutti-gli-stili\/stile-contemporaneo\/gilmore\/","title":{"rendered":"Gilmore"},"content":{"rendered":"<p>Mit seiner asymmetrischen Tischplatte, der nat\u00fcrlichen Maserung des Holzes und den schlanken Beinen aus Massivholz besticht dieser modulare Couchtisch durch eine ansprechende Oberfl\u00e4che, die raffinierte Einfachheit ausstrahlt. Ein St\u00fcck, das die Sch\u00f6nheit des Wesentlichen erz\u00e4hlt und zu Momenten spontaner Geselligkeit einl\u00e4dt. <\/p>","protected":false},"excerpt":{"rendered":"<p>Mit seiner asymmetrischen Tischplatte, der nat\u00fcrlichen Maserung des Holzes und den schlanken Beinen aus Massivholz besticht dieser modulare Couchtisch durch eine ansprechende Oberfl\u00e4che, die raffinierte Einfachheit ausstrahlt. Ein St\u00fcck, das die Sch\u00f6nheit des Wesentlichen erz\u00e4hlt und zu Momenten spontaner Geselligkeit einl\u00e4dt.<\/p>","protected":false},"featured_media":15020,"comment_status":"closed","ping_status":"closed","template":"","meta":[],"product_brand":[],"product_cat":[126,125],"product_tag":[137],"class_list":{"0":"post-15019","1":"product","2":"type-product","3":"status-publish","4":"has-post-thumbnail","6":"product_cat-stile-contemporaneo","7":"product_cat-tutti-gli-stili","8":"product_tag-tavolini","10":"first","11":"instock","12":"shipping-taxable","13":"product-type-simple"},"_links":{"self":[{"href":"https:\/\/bschairs.it\/de\/wp-json\/wp\/v2\/product\/15019","targetHints":{"allow":["GET"]}}],"collection":[{"href":"https:\/\/bschairs.it\/de\/wp-json\/wp\/v2\/product"}],"about":[{"href":"https:\/\/bschairs.it\/de\/wp-json\/wp\/v2\/types\/product"}],"replies":[{"embeddable":true,"href":"https:\/\/bschairs.it\/de\/wp-json\/wp\/v2\/comments?post=15019"}],"wp:featuredmedia":[{"embeddable":true,"href":"https:\/\/bschairs.it\/de\/wp-json\/wp\/v2\/media\/15020"}],"wp:attachment":[{"href":"https:\/\/bschairs.it\/de\/wp-json\/wp\/v2\/media?parent=15019"}],"wp:term":[{"taxonomy":"product_brand","embeddable":true,"href":"https:\/\/bschairs.it\/de\/wp-json\/wp\/v2\/product_brand?post=15019"},{"taxonomy":"product_cat","embeddable":true,"href":"https:\/\/bschairs.it\/de\/wp-json\/wp\/v2\/product_cat?post=15019"},{"taxonomy":"product_tag","embeddable":true,"href":"https:\/\/bschairs.it\/de\/wp-json\/wp\/v2\/product_tag?post=15019"}],"curies":[{"name":"wp","href":"https:\/\/api.w.org\/{rel}","templated":true}]}}