{"id":15037,"date":"2024-10-07T11:04:09","date_gmt":"2024-10-07T11:04:09","guid":{"rendered":"https:\/\/bschairs.it\/?post_type=product&#038;p=15037"},"modified":"2024-10-11T07:49:32","modified_gmt":"2024-10-11T07:49:32","slug":"imelda","status":"publish","type":"product","link":"https:\/\/bschairs.it\/de\/negozio\/tutti-gli-stili\/stile-contemporaneo\/imelda\/","title":{"rendered":"Imelda"},"content":{"rendered":"<p>Ein Sessel von zeitlosem Charme, bezogen mit marmoriertem Grau, das an den Zauber eines bew\u00f6lkten Himmels erinnert. Seine weichen und einladenden Kurven scheinen uns einzuladen, Zuflucht zu finden, w\u00e4hrend die schlanken Beine ihn anmutig vom Boden heben, wie ein Versprechen von Leichtigkeit und Ruhe. Perfekt f\u00fcr Entspannungsbereiche im Hotel.<\/p>","protected":false},"excerpt":{"rendered":"<p>Ein Sessel von zeitlosem Charme, bezogen mit marmoriertem Grau, das an den Zauber eines bew\u00f6lkten Himmels erinnert. Seine weichen und einladenden Kurven scheinen uns einzuladen, Zuflucht zu finden, w\u00e4hrend die schlanken Beine ihn anmutig vom Boden heben, wie ein Versprechen von Leichtigkeit und Ruhe. Perfekt f\u00fcr Entspannungsbereiche im Hotel.<\/p>","protected":false},"featured_media":15040,"comment_status":"closed","ping_status":"closed","template":"","meta":[],"product_brand":[],"product_cat":[126,125],"product_tag":[134],"class_list":{"0":"post-15037","1":"product","2":"type-product","3":"status-publish","4":"has-post-thumbnail","6":"product_cat-stile-contemporaneo","7":"product_cat-tutti-gli-stili","8":"product_tag-poltrone","10":"first","11":"instock","12":"shipping-taxable","13":"product-type-simple"},"_links":{"self":[{"href":"https:\/\/bschairs.it\/de\/wp-json\/wp\/v2\/product\/15037","targetHints":{"allow":["GET"]}}],"collection":[{"href":"https:\/\/bschairs.it\/de\/wp-json\/wp\/v2\/product"}],"about":[{"href":"https:\/\/bschairs.it\/de\/wp-json\/wp\/v2\/types\/product"}],"replies":[{"embeddable":true,"href":"https:\/\/bschairs.it\/de\/wp-json\/wp\/v2\/comments?post=15037"}],"wp:featuredmedia":[{"embeddable":true,"href":"https:\/\/bschairs.it\/de\/wp-json\/wp\/v2\/media\/15040"}],"wp:attachment":[{"href":"https:\/\/bschairs.it\/de\/wp-json\/wp\/v2\/media?parent=15037"}],"wp:term":[{"taxonomy":"product_brand","embeddable":true,"href":"https:\/\/bschairs.it\/de\/wp-json\/wp\/v2\/product_brand?post=15037"},{"taxonomy":"product_cat","embeddable":true,"href":"https:\/\/bschairs.it\/de\/wp-json\/wp\/v2\/product_cat?post=15037"},{"taxonomy":"product_tag","embeddable":true,"href":"https:\/\/bschairs.it\/de\/wp-json\/wp\/v2\/product_tag?post=15037"}],"curies":[{"name":"wp","href":"https:\/\/api.w.org\/{rel}","templated":true}]}}