{"id":15075,"date":"2024-10-07T12:31:10","date_gmt":"2024-10-07T12:31:10","guid":{"rendered":"https:\/\/bschairs.it\/?post_type=product&#038;p=15075"},"modified":"2024-10-11T07:46:35","modified_gmt":"2024-10-11T07:46:35","slug":"diana","status":"publish","type":"product","link":"https:\/\/bschairs.it\/de\/negozio\/tutti-gli-stili\/stile-contemporaneo\/diana\/","title":{"rendered":"Diana"},"content":{"rendered":"<p>Ein Sessel, der Charisma ausstrahlt, in ein lebhaftes Rot geh\u00fcllt, das die W\u00e4rme eines sommerlichen Sonnenuntergangs heraufbeschw\u00f6rt. Seine geschwungene und futuristische Form l\u00e4dt mit einem Gef\u00fchl von K\u00fchnheit zum Sitzen ein, w\u00e4hrend die schlanke und moderne Metallbasis einen Hauch von Eleganz verleiht, wie ein zeitgen\u00f6ssischer Thron, bereit, Tr\u00e4ume und Gespr\u00e4che zu st\u00fctzen. Ideal f\u00fcr Lounge-Bereiche in Restaurants und Hotels.<\/p>","protected":false},"excerpt":{"rendered":"<p>Una poltrona che emana carisma, avvolta in un rosso vibrante che richiama il calore di un tramonto estivo. La sua forma sinuosa e futuristica invita a sedersi con un senso di audacia, mentre la base in metallo, sottile e moderna, offre un tocco di eleganza, come un trono contemporaneo pronto a sostenere sogni e conversazioni. [&hellip;]<\/p>\n","protected":false},"featured_media":15044,"comment_status":"closed","ping_status":"closed","template":"","meta":[],"product_brand":[],"product_cat":[126,125],"product_tag":[134],"class_list":{"0":"post-15075","1":"product","2":"type-product","3":"status-publish","4":"has-post-thumbnail","6":"product_cat-stile-contemporaneo","7":"product_cat-tutti-gli-stili","8":"product_tag-poltrone","10":"first","11":"instock","12":"shipping-taxable","13":"product-type-simple"},"_links":{"self":[{"href":"https:\/\/bschairs.it\/de\/wp-json\/wp\/v2\/product\/15075","targetHints":{"allow":["GET"]}}],"collection":[{"href":"https:\/\/bschairs.it\/de\/wp-json\/wp\/v2\/product"}],"about":[{"href":"https:\/\/bschairs.it\/de\/wp-json\/wp\/v2\/types\/product"}],"replies":[{"embeddable":true,"href":"https:\/\/bschairs.it\/de\/wp-json\/wp\/v2\/comments?post=15075"}],"wp:featuredmedia":[{"embeddable":true,"href":"https:\/\/bschairs.it\/de\/wp-json\/wp\/v2\/media\/15044"}],"wp:attachment":[{"href":"https:\/\/bschairs.it\/de\/wp-json\/wp\/v2\/media?parent=15075"}],"wp:term":[{"taxonomy":"product_brand","embeddable":true,"href":"https:\/\/bschairs.it\/de\/wp-json\/wp\/v2\/product_brand?post=15075"},{"taxonomy":"product_cat","embeddable":true,"href":"https:\/\/bschairs.it\/de\/wp-json\/wp\/v2\/product_cat?post=15075"},{"taxonomy":"product_tag","embeddable":true,"href":"https:\/\/bschairs.it\/de\/wp-json\/wp\/v2\/product_tag?post=15075"}],"curies":[{"name":"wp","href":"https:\/\/api.w.org\/{rel}","templated":true}]}}