{"id":15076,"date":"2024-10-08T09:37:12","date_gmt":"2024-10-08T09:37:12","guid":{"rendered":"https:\/\/bschairs.it\/?post_type=product&#038;p=15076"},"modified":"2024-10-11T07:51:01","modified_gmt":"2024-10-11T07:51:01","slug":"clara","status":"publish","type":"product","link":"https:\/\/bschairs.it\/de\/negozio\/tutti-gli-stili\/stile-contemporaneo\/clara\/","title":{"rendered":"Clara"},"content":{"rendered":"<p>Ein Kopfstuhl mit weichem und einladendem Design, mit Beinen aus Massivholz und einer weichen Stofftextur. Die geschwungene Form der R\u00fcckenlehne, mit einer leichten unteren \u00d6ffnung, bietet komfortablen Halt und erzeugt einen leichten und modernen visuellen Effekt. Es ist ein Produkt, das Ruhe und Frische ausstrahlt und sich perfekt f\u00fcr entspannte und zeitgen\u00f6ssische R\u00e4ume in Hotels und Restaurants eignet.<\/p>","protected":false},"excerpt":{"rendered":"<p>Un capotavola da design morbido e accogliente, con gambe in legno massello e una texture del tessuto morbida. La forma sinuosa dello schienale, con una lieve apertura inferiore, offre un supporto confortevole, creando un effetto visivo leggero e moderno. \u00c8 un prodotto che ispira tranquillit\u00e0 e freschezza, perfetta per spazi rilassanti e contemporanei di alberghi [&hellip;]<\/p>\n","protected":false},"featured_media":15069,"comment_status":"closed","ping_status":"closed","template":"","meta":[],"product_brand":[],"product_cat":[126,125],"product_tag":[129],"class_list":{"0":"post-15076","1":"product","2":"type-product","3":"status-publish","4":"has-post-thumbnail","6":"product_cat-stile-contemporaneo","7":"product_cat-tutti-gli-stili","8":"product_tag-capotavola","10":"first","11":"instock","12":"shipping-taxable","13":"product-type-simple"},"_links":{"self":[{"href":"https:\/\/bschairs.it\/de\/wp-json\/wp\/v2\/product\/15076","targetHints":{"allow":["GET"]}}],"collection":[{"href":"https:\/\/bschairs.it\/de\/wp-json\/wp\/v2\/product"}],"about":[{"href":"https:\/\/bschairs.it\/de\/wp-json\/wp\/v2\/types\/product"}],"replies":[{"embeddable":true,"href":"https:\/\/bschairs.it\/de\/wp-json\/wp\/v2\/comments?post=15076"}],"wp:featuredmedia":[{"embeddable":true,"href":"https:\/\/bschairs.it\/de\/wp-json\/wp\/v2\/media\/15069"}],"wp:attachment":[{"href":"https:\/\/bschairs.it\/de\/wp-json\/wp\/v2\/media?parent=15076"}],"wp:term":[{"taxonomy":"product_brand","embeddable":true,"href":"https:\/\/bschairs.it\/de\/wp-json\/wp\/v2\/product_brand?post=15076"},{"taxonomy":"product_cat","embeddable":true,"href":"https:\/\/bschairs.it\/de\/wp-json\/wp\/v2\/product_cat?post=15076"},{"taxonomy":"product_tag","embeddable":true,"href":"https:\/\/bschairs.it\/de\/wp-json\/wp\/v2\/product_tag?post=15076"}],"curies":[{"name":"wp","href":"https:\/\/api.w.org\/{rel}","templated":true}]}}