{"id":15086,"date":"2024-10-18T10:48:41","date_gmt":"2024-10-18T10:48:41","guid":{"rendered":"https:\/\/bschairs.it\/?post_type=product&#038;p=15086"},"modified":"2024-10-18T10:48:41","modified_gmt":"2024-10-18T10:48:41","slug":"avalon","status":"publish","type":"product","link":"https:\/\/bschairs.it\/de\/negozio\/tutti-gli-stili\/stile-contemporaneo\/avalon\/","title":{"rendered":"Avalon"},"content":{"rendered":"<p>Moderne Sessel mit umh\u00fcllender R\u00fcckenlehne, ideal f\u00fcr l\u00e4ngeres Sitzen. Die klaren Linien und das minimalistische Design machen diesen Sessel perfekt f\u00fcr zeitgen\u00f6ssische, gem\u00fctliche und raffinierte Innenr\u00e4ume von Hotels, Gasth\u00e4usern und Restaurants.<\/p>","protected":false},"excerpt":{"rendered":"<p>Moderne Sessel mit umh\u00fcllender R\u00fcckenlehne, ideal f\u00fcr l\u00e4ngeres Sitzen. Die klaren Linien und das minimalistische Design machen diesen Sessel perfekt f\u00fcr zeitgen\u00f6ssische, gem\u00fctliche und raffinierte Innenr\u00e4ume von Hotels, Gasth\u00e4usern und Restaurants.<\/p>","protected":false},"featured_media":15090,"comment_status":"closed","ping_status":"closed","template":"","meta":[],"product_brand":[],"product_cat":[126,125],"product_tag":[133],"class_list":{"0":"post-15086","1":"product","2":"type-product","3":"status-publish","4":"has-post-thumbnail","6":"product_cat-stile-contemporaneo","7":"product_cat-tutti-gli-stili","8":"product_tag-poltroncine","10":"first","11":"instock","12":"shipping-taxable","13":"product-type-simple"},"_links":{"self":[{"href":"https:\/\/bschairs.it\/de\/wp-json\/wp\/v2\/product\/15086","targetHints":{"allow":["GET"]}}],"collection":[{"href":"https:\/\/bschairs.it\/de\/wp-json\/wp\/v2\/product"}],"about":[{"href":"https:\/\/bschairs.it\/de\/wp-json\/wp\/v2\/types\/product"}],"replies":[{"embeddable":true,"href":"https:\/\/bschairs.it\/de\/wp-json\/wp\/v2\/comments?post=15086"}],"wp:featuredmedia":[{"embeddable":true,"href":"https:\/\/bschairs.it\/de\/wp-json\/wp\/v2\/media\/15090"}],"wp:attachment":[{"href":"https:\/\/bschairs.it\/de\/wp-json\/wp\/v2\/media?parent=15086"}],"wp:term":[{"taxonomy":"product_brand","embeddable":true,"href":"https:\/\/bschairs.it\/de\/wp-json\/wp\/v2\/product_brand?post=15086"},{"taxonomy":"product_cat","embeddable":true,"href":"https:\/\/bschairs.it\/de\/wp-json\/wp\/v2\/product_cat?post=15086"},{"taxonomy":"product_tag","embeddable":true,"href":"https:\/\/bschairs.it\/de\/wp-json\/wp\/v2\/product_tag?post=15086"}],"curies":[{"name":"wp","href":"https:\/\/api.w.org\/{rel}","templated":true}]}}