{"id":15263,"date":"2025-02-12T07:30:25","date_gmt":"2025-02-12T07:30:25","guid":{"rendered":"https:\/\/bschairs.it\/?post_type=product&#038;p=15263"},"modified":"2025-02-18T10:27:14","modified_gmt":"2025-02-18T10:27:14","slug":"lettone-cesare","status":"publish","type":"product","link":"https:\/\/bschairs.it\/de\/negozio\/tutti-gli-stili\/stile-contemporaneo\/lettone-cesare\/","title":{"rendered":"Cesare"},"content":{"rendered":"<p>Gro\u00dfes, rundes Bett mit einer Struktur aus Iroko-Holz. Das runde, umh\u00fcllende Design macht es perfekt f\u00fcr Entspannungsmomente in Au\u00dfenbereichen. Dieses M\u00f6belst\u00fcck ist ideal f\u00fcr die Einrichtung von Lounges, Terrassen oder Entspannungsbereichen in Hotels, Spas und Resorts.<\/p>","protected":false},"excerpt":{"rendered":"<p>Gro\u00dfes, rundes Bett mit einer Struktur aus Iroko-Holz. Das runde, umh\u00fcllende Design macht es perfekt f\u00fcr Entspannungsmomente in Au\u00dfenbereichen. Dieses M\u00f6belst\u00fcck ist ideal f\u00fcr die Einrichtung von Lounges, Terrassen oder Entspannungsbereichen in Hotels, Spas und Resorts.<\/p>","protected":false},"featured_media":15531,"comment_status":"closed","ping_status":"closed","template":"","meta":[],"product_brand":[],"product_cat":[126,125],"product_tag":[127],"class_list":{"0":"post-15263","1":"product","2":"type-product","3":"status-publish","4":"has-post-thumbnail","6":"product_cat-stile-contemporaneo","7":"product_cat-tutti-gli-stili","8":"product_tag-outdoor","10":"first","11":"instock","12":"shipping-taxable","13":"product-type-simple"},"_links":{"self":[{"href":"https:\/\/bschairs.it\/de\/wp-json\/wp\/v2\/product\/15263","targetHints":{"allow":["GET"]}}],"collection":[{"href":"https:\/\/bschairs.it\/de\/wp-json\/wp\/v2\/product"}],"about":[{"href":"https:\/\/bschairs.it\/de\/wp-json\/wp\/v2\/types\/product"}],"replies":[{"embeddable":true,"href":"https:\/\/bschairs.it\/de\/wp-json\/wp\/v2\/comments?post=15263"}],"wp:featuredmedia":[{"embeddable":true,"href":"https:\/\/bschairs.it\/de\/wp-json\/wp\/v2\/media\/15531"}],"wp:attachment":[{"href":"https:\/\/bschairs.it\/de\/wp-json\/wp\/v2\/media?parent=15263"}],"wp:term":[{"taxonomy":"product_brand","embeddable":true,"href":"https:\/\/bschairs.it\/de\/wp-json\/wp\/v2\/product_brand?post=15263"},{"taxonomy":"product_cat","embeddable":true,"href":"https:\/\/bschairs.it\/de\/wp-json\/wp\/v2\/product_cat?post=15263"},{"taxonomy":"product_tag","embeddable":true,"href":"https:\/\/bschairs.it\/de\/wp-json\/wp\/v2\/product_tag?post=15263"}],"curies":[{"name":"wp","href":"https:\/\/api.w.org\/{rel}","templated":true}]}}