{"id":15339,"date":"2024-03-30T10:29:37","date_gmt":"2024-03-30T10:29:37","guid":{"rendered":"https:\/\/bschairs.it\/?post_type=product&#038;p=15339"},"modified":"2024-10-30T10:34:36","modified_gmt":"2024-10-30T10:34:36","slug":"ottawa-2","status":"publish","type":"product","link":"https:\/\/bschairs.it\/de\/negozio\/tutti-gli-stili\/stile-contemporaneo\/ottawa-2\/","title":{"rendered":"Ottawa"},"content":{"rendered":"<p>Stuhl, ideal zur Ausstattung von Hotelr\u00e4umen, Restaurants und Gastgewerbebereichen. Mit gepolstertem und stoffbezogenem Sitz bietet er hohen Komfort f\u00fcr die G\u00e4ste. Eine leichte \u00d6ffnung im unteren Teil der R\u00fcckenlehne f\u00fcgt ein markantes, originelles Detail hinzu, das ihn perfekt f\u00fcr Speises\u00e4le und Lounge-Bereiche macht.<\/p>","protected":false},"excerpt":{"rendered":"<p>Stuhl, ideal zur Ausstattung von Hotelr\u00e4umen, Restaurants und Gastgewerbebereichen. Mit gepolstertem und stoffbezogenem Sitz bietet er hohen Komfort f\u00fcr die G\u00e4ste. Eine leichte \u00d6ffnung im unteren Teil der R\u00fcckenlehne f\u00fcgt ein markantes, originelles Detail hinzu, das ihn perfekt f\u00fcr Speises\u00e4le und Lounge-Bereiche macht.<\/p>","protected":false},"featured_media":15345,"comment_status":"closed","ping_status":"closed","template":"","meta":[],"product_brand":[],"product_cat":[126,125],"product_tag":[130],"class_list":{"0":"post-15339","1":"product","2":"type-product","3":"status-publish","4":"has-post-thumbnail","6":"product_cat-stile-contemporaneo","7":"product_cat-tutti-gli-stili","8":"product_tag-sedie","10":"first","11":"instock","12":"shipping-taxable","13":"product-type-simple"},"_links":{"self":[{"href":"https:\/\/bschairs.it\/de\/wp-json\/wp\/v2\/product\/15339","targetHints":{"allow":["GET"]}}],"collection":[{"href":"https:\/\/bschairs.it\/de\/wp-json\/wp\/v2\/product"}],"about":[{"href":"https:\/\/bschairs.it\/de\/wp-json\/wp\/v2\/types\/product"}],"replies":[{"embeddable":true,"href":"https:\/\/bschairs.it\/de\/wp-json\/wp\/v2\/comments?post=15339"}],"wp:featuredmedia":[{"embeddable":true,"href":"https:\/\/bschairs.it\/de\/wp-json\/wp\/v2\/media\/15345"}],"wp:attachment":[{"href":"https:\/\/bschairs.it\/de\/wp-json\/wp\/v2\/media?parent=15339"}],"wp:term":[{"taxonomy":"product_brand","embeddable":true,"href":"https:\/\/bschairs.it\/de\/wp-json\/wp\/v2\/product_brand?post=15339"},{"taxonomy":"product_cat","embeddable":true,"href":"https:\/\/bschairs.it\/de\/wp-json\/wp\/v2\/product_cat?post=15339"},{"taxonomy":"product_tag","embeddable":true,"href":"https:\/\/bschairs.it\/de\/wp-json\/wp\/v2\/product_tag?post=15339"}],"curies":[{"name":"wp","href":"https:\/\/api.w.org\/{rel}","templated":true}]}}