{"id":15346,"date":"2024-03-30T10:52:28","date_gmt":"2024-03-30T10:52:28","guid":{"rendered":"https:\/\/bschairs.it\/?post_type=product&#038;p=15346"},"modified":"2024-10-30T10:52:35","modified_gmt":"2024-10-30T10:52:35","slug":"oklahoma","status":"publish","type":"product","link":"https:\/\/bschairs.it\/de\/negozio\/tutti-gli-stili\/stile-contemporaneo\/oklahoma\/","title":{"rendered":"Oklahoma"},"content":{"rendered":"<p>Sessel im zeitgen\u00f6ssischen Design, perfekt f\u00fcr die Einrichtung von Hotels und Restaurants dank seiner Eleganz und Vielseitigkeit. Der breite und einladende Sitz garantiert Komfort f\u00fcr die G\u00e4ste, w\u00e4hrend die vierstrahlige, verchromte Metallbasis Stabilit\u00e4t und ein modernes Aussehen verleiht. Ideal f\u00fcr Warter\u00e4ume, Lounges und Gemeinschaftsbereiche in Hotels.<\/p>","protected":false},"excerpt":{"rendered":"<p>Sessel im zeitgen\u00f6ssischen Design, perfekt f\u00fcr die Einrichtung von Hotels und Restaurants dank seiner Eleganz und Vielseitigkeit. Der breite und einladende Sitz garantiert Komfort f\u00fcr die G\u00e4ste, w\u00e4hrend die vierstrahlige, verchromte Metallbasis Stabilit\u00e4t und ein modernes Aussehen verleiht. Ideal f\u00fcr Warter\u00e4ume, Lounges und Gemeinschaftsbereiche in Hotels.<\/p>","protected":false},"featured_media":15350,"comment_status":"closed","ping_status":"closed","template":"","meta":[],"product_brand":[],"product_cat":[126,125],"product_tag":[134],"class_list":{"0":"post-15346","1":"product","2":"type-product","3":"status-publish","4":"has-post-thumbnail","6":"product_cat-stile-contemporaneo","7":"product_cat-tutti-gli-stili","8":"product_tag-poltrone","10":"first","11":"instock","12":"shipping-taxable","13":"product-type-simple"},"_links":{"self":[{"href":"https:\/\/bschairs.it\/de\/wp-json\/wp\/v2\/product\/15346","targetHints":{"allow":["GET"]}}],"collection":[{"href":"https:\/\/bschairs.it\/de\/wp-json\/wp\/v2\/product"}],"about":[{"href":"https:\/\/bschairs.it\/de\/wp-json\/wp\/v2\/types\/product"}],"replies":[{"embeddable":true,"href":"https:\/\/bschairs.it\/de\/wp-json\/wp\/v2\/comments?post=15346"}],"wp:featuredmedia":[{"embeddable":true,"href":"https:\/\/bschairs.it\/de\/wp-json\/wp\/v2\/media\/15350"}],"wp:attachment":[{"href":"https:\/\/bschairs.it\/de\/wp-json\/wp\/v2\/media?parent=15346"}],"wp:term":[{"taxonomy":"product_brand","embeddable":true,"href":"https:\/\/bschairs.it\/de\/wp-json\/wp\/v2\/product_brand?post=15346"},{"taxonomy":"product_cat","embeddable":true,"href":"https:\/\/bschairs.it\/de\/wp-json\/wp\/v2\/product_cat?post=15346"},{"taxonomy":"product_tag","embeddable":true,"href":"https:\/\/bschairs.it\/de\/wp-json\/wp\/v2\/product_tag?post=15346"}],"curies":[{"name":"wp","href":"https:\/\/api.w.org\/{rel}","templated":true}]}}