{"id":15351,"date":"2024-03-30T10:53:31","date_gmt":"2024-03-30T10:53:31","guid":{"rendered":"https:\/\/bschairs.it\/?post_type=product&#038;p=15351"},"modified":"2024-10-30T10:59:19","modified_gmt":"2024-10-30T10:59:19","slug":"goteborg","status":"publish","type":"product","link":"https:\/\/bschairs.it\/de\/negozio\/tutti-gli-stili\/stile-contemporaneo\/goteborg\/","title":{"rendered":"Goteborg"},"content":{"rendered":"<p>Stuhl mit raffinierten und weichen Linien, perfekt, um das Ambiente von erstklassigen Hotels, Pensionen und Restaurants zu bereichern. Der Sitz ist in einem hellen Bezug geh\u00fcllt, der Helligkeit und Leichtigkeit ausstrahlt, w\u00e4hrend die dunklen, schlanken Beine Stabilit\u00e4t und Stil verleihen. Ideal f\u00fcr diejenigen, die ein Gleichgewicht zwischen Komfort und anspruchsvollem Design suchen.<\/p>","protected":false},"excerpt":{"rendered":"<p>Stuhl mit raffinierten und weichen Linien, perfekt, um das Ambiente von erstklassigen Hotels, Pensionen und Restaurants zu bereichern. Der Sitz ist in einem hellen Bezug geh\u00fcllt, der Helligkeit und Leichtigkeit ausstrahlt, w\u00e4hrend die dunklen, schlanken Beine Stabilit\u00e4t und Stil verleihen. Ideal f\u00fcr diejenigen, die ein Gleichgewicht zwischen Komfort und anspruchsvollem Design suchen.<\/p>","protected":false},"featured_media":15355,"comment_status":"closed","ping_status":"closed","template":"","meta":[],"product_brand":[],"product_cat":[126,125],"product_tag":[130],"class_list":{"0":"post-15351","1":"product","2":"type-product","3":"status-publish","4":"has-post-thumbnail","6":"product_cat-stile-contemporaneo","7":"product_cat-tutti-gli-stili","8":"product_tag-sedie","10":"first","11":"instock","12":"shipping-taxable","13":"product-type-simple"},"_links":{"self":[{"href":"https:\/\/bschairs.it\/de\/wp-json\/wp\/v2\/product\/15351","targetHints":{"allow":["GET"]}}],"collection":[{"href":"https:\/\/bschairs.it\/de\/wp-json\/wp\/v2\/product"}],"about":[{"href":"https:\/\/bschairs.it\/de\/wp-json\/wp\/v2\/types\/product"}],"replies":[{"embeddable":true,"href":"https:\/\/bschairs.it\/de\/wp-json\/wp\/v2\/comments?post=15351"}],"wp:featuredmedia":[{"embeddable":true,"href":"https:\/\/bschairs.it\/de\/wp-json\/wp\/v2\/media\/15355"}],"wp:attachment":[{"href":"https:\/\/bschairs.it\/de\/wp-json\/wp\/v2\/media?parent=15351"}],"wp:term":[{"taxonomy":"product_brand","embeddable":true,"href":"https:\/\/bschairs.it\/de\/wp-json\/wp\/v2\/product_brand?post=15351"},{"taxonomy":"product_cat","embeddable":true,"href":"https:\/\/bschairs.it\/de\/wp-json\/wp\/v2\/product_cat?post=15351"},{"taxonomy":"product_tag","embeddable":true,"href":"https:\/\/bschairs.it\/de\/wp-json\/wp\/v2\/product_tag?post=15351"}],"curies":[{"name":"wp","href":"https:\/\/api.w.org\/{rel}","templated":true}]}}