{"id":15356,"date":"2024-03-30T11:00:21","date_gmt":"2024-03-30T11:00:21","guid":{"rendered":"https:\/\/bschairs.it\/?post_type=product&#038;p=15356"},"modified":"2024-10-30T11:04:09","modified_gmt":"2024-10-30T11:04:09","slug":"vancouver-2","status":"publish","type":"product","link":"https:\/\/bschairs.it\/de\/negozio\/tutti-gli-stili\/stile-contemporaneo\/vancouver-2\/","title":{"rendered":"Vancouver"},"content":{"rendered":"<p>Essenzielle Linien und warme Farben vereinen sich in einem vielseitigen Design. Ideal f\u00fcr Hotels, Pensionen und Restaurants mit zeitgen\u00f6ssischem Geschmack. Der umschlie\u00dfende Sitz bietet Komfort und Schlichtheit, w\u00e4hrend die hellen Holzbeine Leichtigkeit und Stabilit\u00e4t verleihen. Perfekt f\u00fcr Umgebungen, die ein Gleichgewicht zwischen Gem\u00fctlichkeit und nat\u00fcrlichem Stil suchen.<\/p>","protected":false},"excerpt":{"rendered":"<p>Essenzielle Linien und warme Farben vereinen sich in einem vielseitigen Design. Ideal f\u00fcr Hotels, Pensionen und Restaurants mit zeitgen\u00f6ssischem Geschmack. Der umschlie\u00dfende Sitz bietet Komfort und Schlichtheit, w\u00e4hrend die hellen Holzbeine Leichtigkeit und Stabilit\u00e4t verleihen. Perfekt f\u00fcr Umgebungen, die ein Gleichgewicht zwischen Gem\u00fctlichkeit und nat\u00fcrlichem Stil suchen.<\/p>","protected":false},"featured_media":15357,"comment_status":"closed","ping_status":"closed","template":"","meta":[],"product_brand":[],"product_cat":[126,125],"product_tag":[130],"class_list":{"0":"post-15356","1":"product","2":"type-product","3":"status-publish","4":"has-post-thumbnail","6":"product_cat-stile-contemporaneo","7":"product_cat-tutti-gli-stili","8":"product_tag-sedie","10":"first","11":"instock","12":"shipping-taxable","13":"product-type-simple"},"_links":{"self":[{"href":"https:\/\/bschairs.it\/de\/wp-json\/wp\/v2\/product\/15356","targetHints":{"allow":["GET"]}}],"collection":[{"href":"https:\/\/bschairs.it\/de\/wp-json\/wp\/v2\/product"}],"about":[{"href":"https:\/\/bschairs.it\/de\/wp-json\/wp\/v2\/types\/product"}],"replies":[{"embeddable":true,"href":"https:\/\/bschairs.it\/de\/wp-json\/wp\/v2\/comments?post=15356"}],"wp:featuredmedia":[{"embeddable":true,"href":"https:\/\/bschairs.it\/de\/wp-json\/wp\/v2\/media\/15357"}],"wp:attachment":[{"href":"https:\/\/bschairs.it\/de\/wp-json\/wp\/v2\/media?parent=15356"}],"wp:term":[{"taxonomy":"product_brand","embeddable":true,"href":"https:\/\/bschairs.it\/de\/wp-json\/wp\/v2\/product_brand?post=15356"},{"taxonomy":"product_cat","embeddable":true,"href":"https:\/\/bschairs.it\/de\/wp-json\/wp\/v2\/product_cat?post=15356"},{"taxonomy":"product_tag","embeddable":true,"href":"https:\/\/bschairs.it\/de\/wp-json\/wp\/v2\/product_tag?post=15356"}],"curies":[{"name":"wp","href":"https:\/\/api.w.org\/{rel}","templated":true}]}}