{"id":15532,"date":"2025-02-12T12:06:40","date_gmt":"2025-02-12T12:06:40","guid":{"rendered":"https:\/\/bschairs.it\/?post_type=product&#038;p=15532"},"modified":"2025-02-18T09:55:07","modified_gmt":"2025-02-18T09:55:07","slug":"lettino-cesare","status":"publish","type":"product","link":"https:\/\/bschairs.it\/de\/negozio\/tutti-gli-stili\/stile-contemporaneo\/lettino-cesare\/","title":{"rendered":"Cesare"},"content":{"rendered":"<p>Ger\u00e4umiges Sonnenbett mit hochwertiger Iroko-Holzstruktur, entworfen f\u00fcr maximalen Komfort. Sein abgerundetes Design umh\u00fcllt und verw\u00f6hnt, wodurch es ideal f\u00fcr Au\u00dfenbereiche wie Spas, Hotels, Terrassen und Entspannungszonen ist.<\/p>","protected":false},"excerpt":{"rendered":"<p>Ger\u00e4umiges Sonnenbett mit hochwertiger Iroko-Holzstruktur, entworfen f\u00fcr maximalen Komfort. Sein abgerundetes Design umh\u00fcllt und verw\u00f6hnt, wodurch es ideal f\u00fcr Au\u00dfenbereiche wie Spas, Hotels, Terrassen und Entspannungszonen ist.<\/p>","protected":false},"featured_media":15533,"comment_status":"closed","ping_status":"closed","template":"","meta":[],"product_brand":[],"product_cat":[126,125],"product_tag":[127],"class_list":{"0":"post-15532","1":"product","2":"type-product","3":"status-publish","4":"has-post-thumbnail","6":"product_cat-stile-contemporaneo","7":"product_cat-tutti-gli-stili","8":"product_tag-outdoor","10":"first","11":"instock","12":"shipping-taxable","13":"product-type-simple"},"_links":{"self":[{"href":"https:\/\/bschairs.it\/de\/wp-json\/wp\/v2\/product\/15532","targetHints":{"allow":["GET"]}}],"collection":[{"href":"https:\/\/bschairs.it\/de\/wp-json\/wp\/v2\/product"}],"about":[{"href":"https:\/\/bschairs.it\/de\/wp-json\/wp\/v2\/types\/product"}],"replies":[{"embeddable":true,"href":"https:\/\/bschairs.it\/de\/wp-json\/wp\/v2\/comments?post=15532"}],"wp:featuredmedia":[{"embeddable":true,"href":"https:\/\/bschairs.it\/de\/wp-json\/wp\/v2\/media\/15533"}],"wp:attachment":[{"href":"https:\/\/bschairs.it\/de\/wp-json\/wp\/v2\/media?parent=15532"}],"wp:term":[{"taxonomy":"product_brand","embeddable":true,"href":"https:\/\/bschairs.it\/de\/wp-json\/wp\/v2\/product_brand?post=15532"},{"taxonomy":"product_cat","embeddable":true,"href":"https:\/\/bschairs.it\/de\/wp-json\/wp\/v2\/product_cat?post=15532"},{"taxonomy":"product_tag","embeddable":true,"href":"https:\/\/bschairs.it\/de\/wp-json\/wp\/v2\/product_tag?post=15532"}],"curies":[{"name":"wp","href":"https:\/\/api.w.org\/{rel}","templated":true}]}}