{"id":15539,"date":"2025-02-12T12:21:10","date_gmt":"2025-02-12T12:21:10","guid":{"rendered":"https:\/\/bschairs.it\/?post_type=product&#038;p=15539"},"modified":"2025-02-12T12:21:10","modified_gmt":"2025-02-12T12:21:10","slug":"tavolino-cesare","status":"publish","type":"product","link":"https:\/\/bschairs.it\/de\/negozio\/tutti-gli-stili\/stile-contemporaneo\/tavolino-cesare\/","title":{"rendered":"Cesare"},"content":{"rendered":"<p>Tisch mit einer robusten Struktur aus Iroko-Holz f\u00fcr Au\u00dfenbereiche. Seine runde und einladende Form macht ihn ideal f\u00fcr die Entspannung im Freien.<\/p>","protected":false},"excerpt":{"rendered":"<p>Tisch mit einer robusten Struktur aus Iroko-Holz f\u00fcr Au\u00dfenbereiche. Seine runde und einladende Form macht ihn ideal f\u00fcr die Entspannung im Freien.<\/p>","protected":false},"featured_media":15540,"comment_status":"closed","ping_status":"closed","template":"","meta":[],"product_brand":[],"product_cat":[126,125],"product_tag":[127],"class_list":{"0":"post-15539","1":"product","2":"type-product","3":"status-publish","4":"has-post-thumbnail","6":"product_cat-stile-contemporaneo","7":"product_cat-tutti-gli-stili","8":"product_tag-outdoor","10":"first","11":"instock","12":"shipping-taxable","13":"product-type-simple"},"_links":{"self":[{"href":"https:\/\/bschairs.it\/de\/wp-json\/wp\/v2\/product\/15539","targetHints":{"allow":["GET"]}}],"collection":[{"href":"https:\/\/bschairs.it\/de\/wp-json\/wp\/v2\/product"}],"about":[{"href":"https:\/\/bschairs.it\/de\/wp-json\/wp\/v2\/types\/product"}],"replies":[{"embeddable":true,"href":"https:\/\/bschairs.it\/de\/wp-json\/wp\/v2\/comments?post=15539"}],"wp:featuredmedia":[{"embeddable":true,"href":"https:\/\/bschairs.it\/de\/wp-json\/wp\/v2\/media\/15540"}],"wp:attachment":[{"href":"https:\/\/bschairs.it\/de\/wp-json\/wp\/v2\/media?parent=15539"}],"wp:term":[{"taxonomy":"product_brand","embeddable":true,"href":"https:\/\/bschairs.it\/de\/wp-json\/wp\/v2\/product_brand?post=15539"},{"taxonomy":"product_cat","embeddable":true,"href":"https:\/\/bschairs.it\/de\/wp-json\/wp\/v2\/product_cat?post=15539"},{"taxonomy":"product_tag","embeddable":true,"href":"https:\/\/bschairs.it\/de\/wp-json\/wp\/v2\/product_tag?post=15539"}],"curies":[{"name":"wp","href":"https:\/\/api.w.org\/{rel}","templated":true}]}}