{"id":15673,"date":"2025-02-11T13:44:07","date_gmt":"2025-02-11T13:44:07","guid":{"rendered":"https:\/\/bschairs.it\/?post_type=product&#038;p=15673"},"modified":"2025-04-17T13:44:40","modified_gmt":"2025-04-17T13:44:40","slug":"cesare-divano","status":"publish","type":"product","link":"https:\/\/bschairs.it\/de\/negozio\/tutti-gli-stili\/stile-contemporaneo\/cesare-divano\/","title":{"rendered":"Cesare"},"content":{"rendered":"<p>Gro\u00dfz\u00fcgiges und einladendes Outdoor-Sofa aus edlem Iroko-Holz, das f\u00fcr h\u00f6chsten Entspannungskomfort sorgt. Die sanft geschwungene Form umh\u00fcllt den K\u00f6rper und eignet sich perfekt f\u00fcr Au\u00dfenbereiche wie Wellnesszentren, Hotels, Terrassen und Loungebereiche.<\/p>","protected":false},"excerpt":{"rendered":"<p>Gro\u00dfz\u00fcgiges und einladendes Outdoor-Sofa aus edlem Iroko-Holz, das f\u00fcr h\u00f6chsten Entspannungskomfort sorgt. Die sanft geschwungene Form umh\u00fcllt den K\u00f6rper und eignet sich perfekt f\u00fcr Au\u00dfenbereiche wie Wellnesszentren, Hotels, Terrassen und Loungebereiche.<\/p>","protected":false},"featured_media":15674,"comment_status":"closed","ping_status":"closed","template":"","meta":[],"product_brand":[],"product_cat":[126,125],"product_tag":[127],"class_list":{"0":"post-15673","1":"product","2":"type-product","3":"status-publish","4":"has-post-thumbnail","6":"product_cat-stile-contemporaneo","7":"product_cat-tutti-gli-stili","8":"product_tag-outdoor","10":"first","11":"instock","12":"shipping-taxable","13":"product-type-simple"},"_links":{"self":[{"href":"https:\/\/bschairs.it\/de\/wp-json\/wp\/v2\/product\/15673","targetHints":{"allow":["GET"]}}],"collection":[{"href":"https:\/\/bschairs.it\/de\/wp-json\/wp\/v2\/product"}],"about":[{"href":"https:\/\/bschairs.it\/de\/wp-json\/wp\/v2\/types\/product"}],"replies":[{"embeddable":true,"href":"https:\/\/bschairs.it\/de\/wp-json\/wp\/v2\/comments?post=15673"}],"wp:featuredmedia":[{"embeddable":true,"href":"https:\/\/bschairs.it\/de\/wp-json\/wp\/v2\/media\/15674"}],"wp:attachment":[{"href":"https:\/\/bschairs.it\/de\/wp-json\/wp\/v2\/media?parent=15673"}],"wp:term":[{"taxonomy":"product_brand","embeddable":true,"href":"https:\/\/bschairs.it\/de\/wp-json\/wp\/v2\/product_brand?post=15673"},{"taxonomy":"product_cat","embeddable":true,"href":"https:\/\/bschairs.it\/de\/wp-json\/wp\/v2\/product_cat?post=15673"},{"taxonomy":"product_tag","embeddable":true,"href":"https:\/\/bschairs.it\/de\/wp-json\/wp\/v2\/product_tag?post=15673"}],"curies":[{"name":"wp","href":"https:\/\/api.w.org\/{rel}","templated":true}]}}