{"id":15778,"date":"2025-10-16T08:52:35","date_gmt":"2025-10-16T08:52:35","guid":{"rendered":"https:\/\/bschairs.it\/?post_type=product&#038;p=15778"},"modified":"2025-11-18T15:01:19","modified_gmt":"2025-11-18T15:01:19","slug":"clio-sessel","status":"publish","type":"product","link":"https:\/\/bschairs.it\/de\/negozio\/tutti-gli-stili\/stile-contemporaneo\/clio-poltrona\/","title":{"rendered":"Clio"},"content":{"rendered":"<p>Sessel aus Buchenholz mit gepolsterter Sitzfl\u00e4che und R\u00fcckenlehne, bezogen mit Stoff. Elegantes und kompaktes Design, ideal f\u00fcr Restaurants, Hotels und Loungebereiche, garantiert Komfort und Widerstandsf\u00e4higkeit bei intensiver Nutzung.<\/p>\n<p><em>Design von Mauro Fadel Studio und Marco Bello, eingetragenes Modell<\/em><\/p>","protected":false},"excerpt":{"rendered":"<p>Poltrona in legno di faggio con seduta e schienale imbottiti rivestiti in tessuto. Design elegante e compatto, ideale per ristoranti, hotel e aree lounge, garantisce comfort e resistenza all&#8217;uso intensivo. Design by Mauro Fadel Studio e Marco Bello, modello depositato<\/p>","protected":false},"featured_media":15765,"comment_status":"closed","ping_status":"closed","template":"","meta":[],"product_brand":[],"product_cat":[126,125],"product_tag":[134],"class_list":{"0":"post-15778","1":"product","2":"type-product","3":"status-publish","4":"has-post-thumbnail","6":"product_cat-stile-contemporaneo","7":"product_cat-tutti-gli-stili","8":"product_tag-poltrone","10":"first","11":"instock","12":"shipping-taxable","13":"product-type-simple"},"_links":{"self":[{"href":"https:\/\/bschairs.it\/de\/wp-json\/wp\/v2\/product\/15778","targetHints":{"allow":["GET"]}}],"collection":[{"href":"https:\/\/bschairs.it\/de\/wp-json\/wp\/v2\/product"}],"about":[{"href":"https:\/\/bschairs.it\/de\/wp-json\/wp\/v2\/types\/product"}],"replies":[{"embeddable":true,"href":"https:\/\/bschairs.it\/de\/wp-json\/wp\/v2\/comments?post=15778"}],"wp:featuredmedia":[{"embeddable":true,"href":"https:\/\/bschairs.it\/de\/wp-json\/wp\/v2\/media\/15765"}],"wp:attachment":[{"href":"https:\/\/bschairs.it\/de\/wp-json\/wp\/v2\/media?parent=15778"}],"wp:term":[{"taxonomy":"product_brand","embeddable":true,"href":"https:\/\/bschairs.it\/de\/wp-json\/wp\/v2\/product_brand?post=15778"},{"taxonomy":"product_cat","embeddable":true,"href":"https:\/\/bschairs.it\/de\/wp-json\/wp\/v2\/product_cat?post=15778"},{"taxonomy":"product_tag","embeddable":true,"href":"https:\/\/bschairs.it\/de\/wp-json\/wp\/v2\/product_tag?post=15778"}],"curies":[{"name":"wp","href":"https:\/\/api.w.org\/{rel}","templated":true}]}}