{"id":15779,"date":"2025-10-16T08:55:47","date_gmt":"2025-10-16T08:55:47","guid":{"rendered":"https:\/\/bschairs.it\/?post_type=product&#038;p=15779"},"modified":"2025-11-18T15:01:10","modified_gmt":"2025-11-18T15:01:10","slug":"clio-2","status":"publish","type":"product","link":"https:\/\/bschairs.it\/de\/negozio\/tutti-gli-stili\/stile-contemporaneo\/clio-2\/","title":{"rendered":"Clio"},"content":{"rendered":"<p>Hocker aus Buchenholz mit gepolsterter Sitzfl\u00e4che und R\u00fcckenlehne, bezogen mit Stoff. Solide Struktur mit integrierter Fu\u00dfst\u00fctze, ideal f\u00fcr Bars, Restaurants und Hotels. Komfort und Widerstandsf\u00e4higkeit mit einem modernen und eleganten Stil.<\/p>\n<p><em>Design von Mauro Fadel Studio und Marco Bello, eingetragenes Modell<\/em><\/p>","protected":false},"excerpt":{"rendered":"<p>Sgabello in legno di faggio con seduta e schienale imbottiti rivestiti in tessuto. Struttura solida con poggiapiedi integrato, ideale per bar, ristoranti e hotel. Comfort e resistenza con uno stile moderno ed elegante. Design by Mauro Fadel Studio e Marco Bello, modello depositato<\/p>","protected":false},"featured_media":15761,"comment_status":"closed","ping_status":"closed","template":"","meta":[],"product_brand":[],"product_cat":[126,125],"product_tag":[131],"class_list":{"0":"post-15779","1":"product","2":"type-product","3":"status-publish","4":"has-post-thumbnail","6":"product_cat-stile-contemporaneo","7":"product_cat-tutti-gli-stili","8":"product_tag-sgabelli","10":"first","11":"instock","12":"shipping-taxable","13":"product-type-simple"},"_links":{"self":[{"href":"https:\/\/bschairs.it\/de\/wp-json\/wp\/v2\/product\/15779","targetHints":{"allow":["GET"]}}],"collection":[{"href":"https:\/\/bschairs.it\/de\/wp-json\/wp\/v2\/product"}],"about":[{"href":"https:\/\/bschairs.it\/de\/wp-json\/wp\/v2\/types\/product"}],"replies":[{"embeddable":true,"href":"https:\/\/bschairs.it\/de\/wp-json\/wp\/v2\/comments?post=15779"}],"wp:featuredmedia":[{"embeddable":true,"href":"https:\/\/bschairs.it\/de\/wp-json\/wp\/v2\/media\/15761"}],"wp:attachment":[{"href":"https:\/\/bschairs.it\/de\/wp-json\/wp\/v2\/media?parent=15779"}],"wp:term":[{"taxonomy":"product_brand","embeddable":true,"href":"https:\/\/bschairs.it\/de\/wp-json\/wp\/v2\/product_brand?post=15779"},{"taxonomy":"product_cat","embeddable":true,"href":"https:\/\/bschairs.it\/de\/wp-json\/wp\/v2\/product_cat?post=15779"},{"taxonomy":"product_tag","embeddable":true,"href":"https:\/\/bschairs.it\/de\/wp-json\/wp\/v2\/product_tag?post=15779"}],"curies":[{"name":"wp","href":"https:\/\/api.w.org\/{rel}","templated":true}]}}