{"id":15786,"date":"2025-10-16T09:03:35","date_gmt":"2025-10-16T09:03:35","guid":{"rendered":"https:\/\/bschairs.it\/?post_type=product&#038;p=15786"},"modified":"2025-11-18T15:01:02","modified_gmt":"2025-11-18T15:01:02","slug":"evelyn","status":"publish","type":"product","link":"https:\/\/bschairs.it\/de\/negozio\/tutti-gli-stili\/stile-contemporaneo\/evelyn\/","title":{"rendered":"Evelyn"},"content":{"rendered":"<p>Lounge-Sessel mit Holzgestell und gepolstertem Bezug. Hohe, umh\u00fcllende R\u00fcckenlehne und kontrastierende Stoffdetails bieten Komfort und Stil. Ideal f\u00fcr Hotels, Lobbys und Loungebereiche. Elegantes Design und strapazierf\u00e4hig f\u00fcr intensive Nutzung.<\/p>\n<p><em>Design von Mauro Fadel Studio und Marco Bello, eingetragenes Modell<\/em><\/p>","protected":false},"excerpt":{"rendered":"<p>Poltrona lounge con struttura in legno e rivestimento imbottito. Schienale alto avvolgente e dettagli in tessuto a contrasto offrono comfort e stile. Ideale per hotel, lobby e aree lounge. Dal design elegante e resistente per l&#8217;uso intensivo. Design by Mauro Fadel Studio e Marco Bello, modello depositato<\/p>","protected":false},"featured_media":15785,"comment_status":"closed","ping_status":"closed","template":"","meta":[],"product_brand":[],"product_cat":[126,125],"product_tag":[134],"class_list":{"0":"post-15786","1":"product","2":"type-product","3":"status-publish","4":"has-post-thumbnail","6":"product_cat-stile-contemporaneo","7":"product_cat-tutti-gli-stili","8":"product_tag-poltrone","10":"first","11":"instock","12":"shipping-taxable","13":"product-type-simple"},"_links":{"self":[{"href":"https:\/\/bschairs.it\/de\/wp-json\/wp\/v2\/product\/15786","targetHints":{"allow":["GET"]}}],"collection":[{"href":"https:\/\/bschairs.it\/de\/wp-json\/wp\/v2\/product"}],"about":[{"href":"https:\/\/bschairs.it\/de\/wp-json\/wp\/v2\/types\/product"}],"replies":[{"embeddable":true,"href":"https:\/\/bschairs.it\/de\/wp-json\/wp\/v2\/comments?post=15786"}],"wp:featuredmedia":[{"embeddable":true,"href":"https:\/\/bschairs.it\/de\/wp-json\/wp\/v2\/media\/15785"}],"wp:attachment":[{"href":"https:\/\/bschairs.it\/de\/wp-json\/wp\/v2\/media?parent=15786"}],"wp:term":[{"taxonomy":"product_brand","embeddable":true,"href":"https:\/\/bschairs.it\/de\/wp-json\/wp\/v2\/product_brand?post=15786"},{"taxonomy":"product_cat","embeddable":true,"href":"https:\/\/bschairs.it\/de\/wp-json\/wp\/v2\/product_cat?post=15786"},{"taxonomy":"product_tag","embeddable":true,"href":"https:\/\/bschairs.it\/de\/wp-json\/wp\/v2\/product_tag?post=15786"}],"curies":[{"name":"wp","href":"https:\/\/api.w.org\/{rel}","templated":true}]}}