{"id":15789,"date":"2025-10-16T09:11:17","date_gmt":"2025-10-16T09:11:17","guid":{"rendered":"https:\/\/bschairs.it\/?post_type=product&#038;p=15789"},"modified":"2025-11-18T15:00:38","modified_gmt":"2025-11-18T15:00:38","slug":"evelyn-4","status":"publish","type":"product","link":"https:\/\/bschairs.it\/de\/negozio\/tutti-gli-stili\/stile-contemporaneo\/evelyn-4\/","title":{"rendered":"Evelyn"},"content":{"rendered":"<p>Hohes Sofa aus schwarz lackiertem Buchenholz mit gepolsterter Sitzfl\u00e4che und R\u00fcckenlehne. Die schlanke, umh\u00fcllende R\u00fcckenlehne, die durch einen dekorativen Stoffeinsatz verziert ist, garantiert Komfort und eine starke \u00e4sthetische Wirkung. Ideal f\u00fcr Lounges, Hallen und hochwertige Contract-Bereiche.<\/p>\n<p><em>Design von Mauro Fadel Studio und Marco Bello, eingetragenes Modell<\/em><\/p>","protected":false},"excerpt":{"rendered":"<p>Divano alto in legno di faggio laccato nero, con seduta e schienale imbottiti. Lo schienale slanciato e avvolgente, arricchito da inserto tessile decorativo, garantisce comfort e forte impatto estetico. Ideale per lounge, hall e spazi contract di pregio. Design by Mauro Fadel Studio e Marco Bello, modello depositato<\/p>","protected":false},"featured_media":15781,"comment_status":"closed","ping_status":"closed","template":"","meta":[],"product_brand":[],"product_cat":[126,125],"product_tag":[135],"class_list":{"0":"post-15789","1":"product","2":"type-product","3":"status-publish","4":"has-post-thumbnail","6":"product_cat-stile-contemporaneo","7":"product_cat-tutti-gli-stili","8":"product_tag-divani","10":"first","11":"instock","12":"shipping-taxable","13":"product-type-simple"},"_links":{"self":[{"href":"https:\/\/bschairs.it\/de\/wp-json\/wp\/v2\/product\/15789","targetHints":{"allow":["GET"]}}],"collection":[{"href":"https:\/\/bschairs.it\/de\/wp-json\/wp\/v2\/product"}],"about":[{"href":"https:\/\/bschairs.it\/de\/wp-json\/wp\/v2\/types\/product"}],"replies":[{"embeddable":true,"href":"https:\/\/bschairs.it\/de\/wp-json\/wp\/v2\/comments?post=15789"}],"wp:featuredmedia":[{"embeddable":true,"href":"https:\/\/bschairs.it\/de\/wp-json\/wp\/v2\/media\/15781"}],"wp:attachment":[{"href":"https:\/\/bschairs.it\/de\/wp-json\/wp\/v2\/media?parent=15789"}],"wp:term":[{"taxonomy":"product_brand","embeddable":true,"href":"https:\/\/bschairs.it\/de\/wp-json\/wp\/v2\/product_brand?post=15789"},{"taxonomy":"product_cat","embeddable":true,"href":"https:\/\/bschairs.it\/de\/wp-json\/wp\/v2\/product_cat?post=15789"},{"taxonomy":"product_tag","embeddable":true,"href":"https:\/\/bschairs.it\/de\/wp-json\/wp\/v2\/product_tag?post=15789"}],"curies":[{"name":"wp","href":"https:\/\/api.w.org\/{rel}","templated":true}]}}