{"id":15791,"date":"2025-10-16T09:25:43","date_gmt":"2025-10-16T09:25:43","guid":{"rendered":"https:\/\/bschairs.it\/?post_type=product&#038;p=15791"},"modified":"2025-11-18T15:00:21","modified_gmt":"2025-11-18T15:00:21","slug":"clio-3","status":"publish","type":"product","link":"https:\/\/bschairs.it\/de\/negozio\/tutti-gli-stili\/stile-contemporaneo\/clio-3\/","title":{"rendered":"Clio"},"content":{"rendered":"<p>Wetterbest\u00e4ndiger Outdoor-Stuhl aus Iroko-Holz. Die gepolsterte Sitzfl\u00e4che und R\u00fcckenlehne sind mit technischem Stoff bezogen und garantieren Komfort und Eleganz auch im Au\u00dfenbereich wie Terrassen, G\u00e4rten, Restaurants und Hotels.<\/p>\n<p><em>Design von Mauro Fadel Studio und Marco Bello, eingetragenes Modell<\/em><\/p>","protected":false},"excerpt":{"rendered":"<p>Sedia per outdoor in legno di iroko, resistente agli agenti atmosferici. Seduta e schienale imbottiti rivestiti in tessuto tecnico, garantisce comfort ed eleganza anche in ambienti esterni come terrazze, giardini, ristoranti e hotel. Design by Mauro Fadel Studio e Marco Bello, modello depositato<\/p>","protected":false},"featured_media":15772,"comment_status":"closed","ping_status":"closed","template":"","meta":[],"product_brand":[],"product_cat":[126,125],"product_tag":[127,130],"class_list":{"0":"post-15791","1":"product","2":"type-product","3":"status-publish","4":"has-post-thumbnail","6":"product_cat-stile-contemporaneo","7":"product_cat-tutti-gli-stili","8":"product_tag-outdoor","9":"product_tag-sedie","11":"first","12":"instock","13":"shipping-taxable","14":"product-type-simple"},"_links":{"self":[{"href":"https:\/\/bschairs.it\/de\/wp-json\/wp\/v2\/product\/15791","targetHints":{"allow":["GET"]}}],"collection":[{"href":"https:\/\/bschairs.it\/de\/wp-json\/wp\/v2\/product"}],"about":[{"href":"https:\/\/bschairs.it\/de\/wp-json\/wp\/v2\/types\/product"}],"replies":[{"embeddable":true,"href":"https:\/\/bschairs.it\/de\/wp-json\/wp\/v2\/comments?post=15791"}],"wp:featuredmedia":[{"embeddable":true,"href":"https:\/\/bschairs.it\/de\/wp-json\/wp\/v2\/media\/15772"}],"wp:attachment":[{"href":"https:\/\/bschairs.it\/de\/wp-json\/wp\/v2\/media?parent=15791"}],"wp:term":[{"taxonomy":"product_brand","embeddable":true,"href":"https:\/\/bschairs.it\/de\/wp-json\/wp\/v2\/product_brand?post=15791"},{"taxonomy":"product_cat","embeddable":true,"href":"https:\/\/bschairs.it\/de\/wp-json\/wp\/v2\/product_cat?post=15791"},{"taxonomy":"product_tag","embeddable":true,"href":"https:\/\/bschairs.it\/de\/wp-json\/wp\/v2\/product_tag?post=15791"}],"curies":[{"name":"wp","href":"https:\/\/api.w.org\/{rel}","templated":true}]}}