{"id":15805,"date":"2025-10-20T08:19:42","date_gmt":"2025-10-20T08:19:42","guid":{"rendered":"https:\/\/bschairs.it\/?post_type=product&#038;p=15805"},"modified":"2025-11-18T15:00:13","modified_gmt":"2025-11-18T15:00:13","slug":"clio-4","status":"publish","type":"product","link":"https:\/\/bschairs.it\/de\/negozio\/tutti-gli-stili\/stile-contemporaneo\/clio-4\/","title":{"rendered":"Clio"},"content":{"rendered":"<p>Stuhl aus Buchenholz mit gepolsterter Sitzfl\u00e4che und R\u00fcckenlehne, bezogen mit Stoff. Weiche, zeitgem\u00e4\u00dfe Linien, dank Komfort und Widerstandsf\u00e4higkeit ideal f\u00fcr Restaurants, Hotels und Objektbereiche.<\/p>\n<p><em>Design von Mauro Fadel Studio und Marco Bello, eingetragenes Modell<\/em><\/p>","protected":false},"excerpt":{"rendered":"<p>Sedia in legno di faggio con seduta e schienale imbottiti rivestiti in tessuto. Linee morbide e contemporanee, ideale per ristoranti, hotel e spazi contract grazie al comfort e alla resistenza. Design by Mauro Fadel Studio e Marco Bello, modello depositato<\/p>","protected":false},"featured_media":15806,"comment_status":"closed","ping_status":"closed","template":"","meta":[],"product_brand":[],"product_cat":[126,125],"product_tag":[130],"class_list":{"0":"post-15805","1":"product","2":"type-product","3":"status-publish","4":"has-post-thumbnail","6":"product_cat-stile-contemporaneo","7":"product_cat-tutti-gli-stili","8":"product_tag-sedie","10":"first","11":"instock","12":"shipping-taxable","13":"product-type-simple"},"_links":{"self":[{"href":"https:\/\/bschairs.it\/de\/wp-json\/wp\/v2\/product\/15805","targetHints":{"allow":["GET"]}}],"collection":[{"href":"https:\/\/bschairs.it\/de\/wp-json\/wp\/v2\/product"}],"about":[{"href":"https:\/\/bschairs.it\/de\/wp-json\/wp\/v2\/types\/product"}],"replies":[{"embeddable":true,"href":"https:\/\/bschairs.it\/de\/wp-json\/wp\/v2\/comments?post=15805"}],"wp:featuredmedia":[{"embeddable":true,"href":"https:\/\/bschairs.it\/de\/wp-json\/wp\/v2\/media\/15806"}],"wp:attachment":[{"href":"https:\/\/bschairs.it\/de\/wp-json\/wp\/v2\/media?parent=15805"}],"wp:term":[{"taxonomy":"product_brand","embeddable":true,"href":"https:\/\/bschairs.it\/de\/wp-json\/wp\/v2\/product_brand?post=15805"},{"taxonomy":"product_cat","embeddable":true,"href":"https:\/\/bschairs.it\/de\/wp-json\/wp\/v2\/product_cat?post=15805"},{"taxonomy":"product_tag","embeddable":true,"href":"https:\/\/bschairs.it\/de\/wp-json\/wp\/v2\/product_tag?post=15805"}],"curies":[{"name":"wp","href":"https:\/\/api.w.org\/{rel}","templated":true}]}}